{"id":743,"date":"2018-09-05T15:38:12","date_gmt":"2018-09-05T13:38:12","guid":{"rendered":"https:\/\/sahc.ch\/who-we-are\/statuten\/"},"modified":"2022-11-12T16:56:58","modified_gmt":"2022-11-12T15:56:58","slug":"statuten","status":"publish","type":"page","link":"https:\/\/sahc.ch\/en\/who-we-are\/statuten\/","title":{"rendered":"Statutes"},"content":{"rendered":"<div class=\"thumb-column\">\n<\/div>\n<p>&nbsp;<\/p>\n<h1>SAHC \u2014 Swiss Association for Hernia Surgery<\/h1>\n<ol>\n<li><strong>Name und Sitz<br \/>\n<\/strong>Unter dem Namen \u201eSchweizerische Arbeitsgruppe f\u00fcr Hernien Chirurgie SAHC\/ ASCH\u201c besteht ein Verein im Sinne von Art. 60 ff. ZGB.<\/li>\n<li><strong>Ziel und Zweck<br \/>\n<\/strong>Die \u201cSchweizerische Arbeitsgruppe f\u00fcr Hernien Chirurgie SAHC\/ ASCH\u201c bezweckt die F\u00f6rderung der wissenschaftlichen und praktischen Belange der Herniologie in weitestem Umfang.<\/li>\n<li><strong>Mittel<\/strong><\/li>\n<\/ol>\n<p>Zur Verfolgung des Vereinszweckes verf\u00fcgt der Verein \u00fcber folgende Mittel:<\/p>\n<ul>\n<li>Mitgliederbeitr\u00e4ge<\/li>\n<li>Ertr\u00e4ge aus eigenen Veranstaltungen<\/li>\n<li>Subventionen<\/li>\n<li>Ertr\u00e4ge aus Leistungsvereinbarungen<\/li>\n<li>Spenden und Zuwendungen aller Art<\/li>\n<\/ul>\n<p>Die Mitgliederbeitr\u00e4ge werden j\u00e4hrlich durch die Mitgliederversammlung festgesetzt. Aktivmitglieder bezahlen einen h\u00f6heren Beitrag als Passivmitglieder.<\/p>\n<ol start=\"4\">\n<li><strong> Mitgliedschaft<br \/>\n<\/strong>Mitglieder k\u00f6nnen nat\u00fcrliche und juristische Personenwerden, die den Vereinszweck unterst\u00fctzen.<br \/>\nAktivmitglieder mit Stimmrecht sind nat\u00fcrliche Personen, welche die Angebote und Einrichtungen des Vereins nutzen.<br \/>\nPassivmitglieder mit Stimmrecht k\u00f6nnen nat\u00fcrliche oder juristische Personen sein, welche den Verein ideell und finanziell unterst\u00fctzen.<br \/>\nAufnahmegesuche sind an den Vorstand zu richten; \u00fcber die Aufnahme entscheidet der Vorstand.<\/li>\n<li><strong>Erl\u00f6schen der Mitgliedschaft<br \/>\n<\/strong>Die Mitgliedschaft erlischt<\/li>\n<\/ol>\n<ul>\n<li>bei nat\u00fcrlichen Personen durch Austritt, Ausschluss oder Tod.<\/li>\n<li>\u00a0bei juristischen Personen durch Austritt, Ausschluss oder Aufl\u00f6sung der juristischen Person.<\/li>\n<\/ul>\n<ol start=\"6\">\n<li><strong> Austritt und Ausschluss<br \/>\n<\/strong>Ein Vereinsaustritt ist Ende Jahrm\u00f6glich. Das Austrittsschreiben muss mindestens 4 Wochen vor der ordentlichen Mitgliederversammlung schriftlich an den Vorstand gerichtet werden. F\u00fcr das angebrochene Jahr ist der volle Mitgliederbeitrag zu bezahlen.<br \/>\nHandelt ein Kollektivmitglied gegen die Interessen des Vereins oder medizinisch-ethische Richtlinien (vgl. SGC\/FMH), so kann es nach vorheriger Anh\u00f6rung vom Vorstand ausgeschlossen werden. Der Ausschluss bedarf keiner Begr\u00fcndung.<br \/>\nEin Mitglied kann jederzeit wegen Verletzung der Statuten, Verst\u00f6sse gegen die Ziele des Vereins oder medizinisch-ethischen Richtlinien (vgl. SGC\/FMH) aus dem Verein ausgeschlossen werden.<br \/>\nDas betroffene Mitglied kann innerhalb einer Frist von 30 Tagen seit Zustellung des Entscheides an die Mitgliederversammlung rekurrieren. Diese entscheidet endg\u00fcltig.<br \/>\nBleibt ein Mitglied trotz Mahnung den Mitgliederbeitrag schuldig<em>, <\/em>kann es vom Vorstand ohne Rekursrecht ausgeschlossen werden.<br \/>\nAusscheidende Mitglieder verlieren jeden Anspruch auf das Vereinsverm\u00f6gen und schulden die Beitr\u00e4ge f\u00fcr die Zeit ihrer Mitgliedschaft.<\/li>\n<li><strong>Organe des Vereins<br \/>\n<\/strong>Die Organe des Vereins sind:<br \/>\n1. die Mitgliederversammlung<br \/>\n2. der Vorstand<br \/>\n3. die Revisionsstelle<br \/>\n4. die Gesch\u00e4ftsstelle<\/li>\n<li><strong>Die Mitgliederversammlung<\/strong><br \/>\nDas oberste Organ des Vereins ist die Mitgliederversammlung. Eine ordentliche Mitgliederversammlung findet mindestens einmal j\u00e4hrlich statt.<br \/>\nZur Mitgliederversammlung werden die Mitglieder mindestens 4 Wochen im Voraus schriftlich unter Angabe der Traktanden eingeladen. Einladungen per E-Mail sind g\u00fcltig.<br \/>\nDer Vorstand oder 1\/5 der Mitglieder k\u00f6nnen jederzeit die Einberufung einer ausserordentlichen Mitgliederversammlung unter Angaben des Zwecks verlangen. Die Versammlung hat sp\u00e4testens 12 Wochen nach Eingang des Begehrens zu erfolgen. Die Mitgliederversammlung ist das oberste Organ des Vereins. Sie hat die folgenden unentziehbaren Aufgaben und Kompetenzen:<\/li>\n<\/ol>\n<ol>\n<li>Genehmigung des Protokolls der letzten Mitgliederversammlung<\/li>\n<li>Genehmigung des Jahresberichts des Vorstands<\/li>\n<li>Entgegennahme des Revisionsberichts und Genehmigung der Jahresrechnung<\/li>\n<li>Entlastung des Vorstandes<\/li>\n<li>Wahl des Pr\u00e4sidenten\/der Pr\u00e4sidentin und des \u00fcbrigen Vorstandes sowie der<\/li>\n<li>Revisoren<\/li>\n<li>Festsetzung der Mitgliederbeitr\u00e4ge<\/li>\n<li>Genehmigung des Jahresbudgets<\/li>\n<li>Kenntnisnahme des T\u00e4tigkeitsprogramms<\/li>\n<li>Beschlussfassung \u00fcber Antr\u00e4ge des Vorstands und der Mitglieder<\/li>\n<li>\u00c4nderung der Statuten<\/li>\n<li>Entscheid \u00fcber Ausschl\u00fcsse von Mitgliedern<\/li>\n<li>Beschlussfassung \u00fcber die Aufl\u00f6sung des Vereins und die Verwendung des Liquidationserl\u00f6ses<\/li>\n<\/ol>\n<p>Jede ordnungsgem\u00e4ss einberufene Mitgliederversammlung ist unabh\u00e4ngig von der Anzahl der anwesenden Mitglieder<br \/>\nbeschlussf\u00e4hig.<\/p>\n<p>Die Mitglieder fassen die Beschl\u00fcsse mit dem einfachen Mehr der abgegebenen Stimmen, Enthaltungen und ung\u00fcltige Stimmen<br \/>\nwerden nicht gez\u00e4hlt. Bei Stimmengleichheit f\u00e4llt die\/der Vorsitzende den Stichentscheid.<\/p>\n<p>Statuten\u00e4nderungen ben\u00f6tigen die Zustimmung einer 2\/3\u2013Mehrheit der abgegebenen Stimmen.<\/p>\n<p>\u00dcber die gefassten Beschl\u00fcsse ist zumindest ein Beschlussprotokoll abzufassen.<\/p>\n<p>9.\u00a0 \u00a0<strong>Der Vorstand<br \/>\n<\/strong>\u00a0 \u00a0 \u00a0 Der Vorstand besteht aus mindestens 4 Personen.<br \/>\nDie Amtszeit betr\u00e4gt 2 Jahre. Wiederwahl ist m\u00f6glich.<br \/>\nDer Vorstand f\u00fchrt die laufenden Gesch\u00e4fte und vertritt den Verein nach aussen.<br \/>\nEr erl\u00e4sst Reglemente.<br \/>\nEr kann Arbeitsgruppen (Fachgruppen) einsetzen.<\/p>\n<p>Er kann f\u00fcr die Erreichung der Vereinsziele Personen gegen eine angemessene Entsch\u00e4digung anstellen oder beauftragen.<\/p>\n<p>Auf Vorschlag des Vorstandes kann die Mitgliederversammlung den Vorstand mit Beisitzern ohne Stimmrecht erg\u00e4nzen.<\/p>\n<p>10.<strong>\u00a0 Weitere Aufgaben und Kompetenzen des Vorstands<br \/>\n<\/strong>\u00a0 \u00a0 \u00a0 Der Vorstand verf\u00fcgt \u00fcber alle Kompetenzen, die nicht von Gesetz wegen oder gem\u00e4ss dieser Statuten einem anderen Organ<br \/>\n\u00fcbertragen sind.<\/p>\n<p>Im Vorstand sind folgende Ressorts vertreten:<\/p>\n<p>1.\u00a0 Pr\u00e4sidium<br \/>\n2. Vizepr\u00e4sidium<br \/>\n3.\u00a0 Finanzen<br \/>\n4.\u00a0 Aktuariat<br \/>\n5.\u00a0 Forschung<\/p>\n<p>\u00c4mterkumulation ist m\u00f6glich.<\/p>\n<p>Der Vorstand konstituiert sich mit Ausnahme des Pr\u00e4sidiums selber<em>.<\/em><\/p>\n<p>Der Vorstand versammelt sich, sooft es die Gesch\u00e4fte verlangen. Jedes Vorstandsmitglied kann unter Angabe der Gr\u00fcnde die<br \/>\nEinberufung einer Sitzung verlangen.<\/p>\n<p>Sofern kein Vorstandsmitglied m\u00fcndliche Beratung verlangt, ist die Beschlussfassung auf dem Zirkularweg (auch E-Mail) g\u00fcltig.<\/p>\n<p>Der Vorstand ist grunds\u00e4tzlich ehrenamtlich t\u00e4tig, er hat Anrecht auf Verg\u00fctung der effektiven Spesen. Werden<br \/>\nVorstandsmitglieder mit ausserordentlichen Arbeiten beauftragt, k\u00f6nnen sie angemessen f\u00fcr ihre Arbeit entsch\u00e4digt werden.<\/p>\n<p>11.<strong>\u00a0 \u00a0Die Revisionsstelle<br \/>\n<\/strong>\u00a0 \u00a0 \u00a0 \u00a0Die Mitgliederversammlung w\u00e4hlt 2 Rechnungsrevisoren oder eine juristische Person, welche die Buchf\u00fchrung kontrollieren und<br \/>\nmindestens einmal j\u00e4hrlich eine Stichkontrolle durchf\u00fchren.<br \/>\nDie Revisionsstelle erstattet dem Vorstand zuhanden der Mitgliederversammlung Bericht und Antrag.<br \/>\nDie Amtszeit betr\u00e4gt 2 Jahre. Wiederwahl ist m\u00f6glich.<\/p>\n<p>12.\u00a0 <strong>Zeichnungsberechtigung<br \/>\n<\/strong>\u00a0 \u00a0 \u00a0 \u00a0Der Vorstand regelt die Zeichnungsberechtigung f\u00fcr den Verein.<\/p>\n<p>13<strong>.\u00a0 Haftung<br \/>\n<\/strong>\u00a0 \u00a0 \u00a0 \u00a0F\u00fcr die Schulden des Vereins haftet nur das Vereinsverm\u00f6gen. Eine pers\u00f6nliche Haftung der Mitglieder ist ausgeschlossen.<\/p>\n<p>14.<strong>\u00a0 Aufl\u00f6sung des Vereins<br \/>\n<\/strong>\u00a0 \u00a0 \u00a0 \u00a0Die Aufl\u00f6sung des Vereins kann durch Beschlusseiner ordentlichen oder ausserordentlichen Mitgliederversammlung beschlossen<br \/>\nund mit dem Stimmenmehr von 2\/3 der anwesenden Mitglieder aufgel\u00f6st werden<br \/>\nBei einer Aufl\u00f6sung des Vereins f\u00e4llt das Vereinsverm\u00f6gen an eine steuerbefreite Organisation welche den gleichen oder einen<br \/>\n\u00e4hnlichen Zweck verfolgt. Die Verteilung des Vereinsverm\u00f6gens unter den Mitgliedern ist ausgeschlossen.<\/p>\n<p>15.\u00a0 <strong>Inkrafttreten<br \/>\n<\/strong>\u00a0 \u00a0 \u00a0 \u00a0Diese Statuten wurden an der Gr\u00fcndungsversammlung vom 02.04.2018 angenommen und sind mit diesem Datum in Kraft<br \/>\ngetreten. Die \u00c4nderung der Statuten wurde an der Generalversammlung vom 01.09.2022 angenommen und sind mit diesem Datum in Kraft getreten.<\/p>\n<p>&nbsp;<\/p>\n[\/Half-Column]\n<div class=\"thumb-column\">\n<\/div>\n","protected":false},"excerpt":{"rendered":"&nbsp; SAHC \u2014 Swiss Association for Hernia Surgery Name und Sitz Unter dem Namen \u201eSchweizerische Arbeitsgruppe f\u00fcr Hernien Chirurgie SAHC\/ ASCH\u201c besteht ein Verein im Sinne von Art. 60 ff. [&hellip;]","protected":false},"author":217,"featured_media":0,"parent":701,"menu_order":9,"comment_status":"closed","ping_status":"closed","template":"","meta":{"_acf_changed":false,"footnotes":""},"class_list":["post-743","page","type-page","status-publish","hentry"],"acf":[],"yoast_head":"<!-- This site is optimized with the Yoast SEO plugin v27.3 - https:\/\/yoast.com\/product\/yoast-seo-wordpress\/ -->\n<title>Statutes - SAHC<\/title>\n<meta name=\"robots\" content=\"index, follow, max-snippet:-1, max-image-preview:large, max-video-preview:-1\" \/>\n<link rel=\"canonical\" href=\"https:\/\/sahc.ch\/wer-wir-sind\/statuten\/\" \/>\n<meta property=\"og:locale\" content=\"en_US\" \/>\n<meta property=\"og:type\" content=\"article\" \/>\n<meta property=\"og:title\" content=\"Statutes - SAHC\" \/>\n<meta property=\"og:description\" content=\"&nbsp; SAHC \u2014 Swiss Association for Hernia Surgery Name und Sitz Unter dem Namen \u201eSchweizerische Arbeitsgruppe f\u00fcr Hernien Chirurgie SAHC\/ ASCH\u201c besteht ein Verein im Sinne von Art. 60 ff. [&hellip;]\" \/>\n<meta property=\"og:url\" content=\"https:\/\/sahc.ch\/wer-wir-sind\/statuten\/\" \/>\n<meta property=\"og:site_name\" content=\"SAHC\" \/>\n<meta property=\"article:modified_time\" content=\"2022-11-12T15:56:58+00:00\" \/>\n<meta name=\"twitter:card\" content=\"summary_large_image\" \/>\n<meta name=\"twitter:label1\" content=\"Est. reading time\" \/>\n\t<meta name=\"twitter:data1\" content=\"5 minutes\" \/>\n<script type=\"application\/ld+json\" class=\"yoast-schema-graph\">{\"@context\":\"https:\\\/\\\/schema.org\",\"@graph\":[{\"@type\":\"WebPage\",\"@id\":\"https:\\\/\\\/sahc.ch\\\/wer-wir-sind\\\/statuten\\\/\",\"url\":\"https:\\\/\\\/sahc.ch\\\/wer-wir-sind\\\/statuten\\\/\",\"name\":\"Statutes - SAHC\",\"isPartOf\":{\"@id\":\"https:\\\/\\\/sahc.ch\\\/#website\"},\"datePublished\":\"2018-09-05T13:38:12+00:00\",\"dateModified\":\"2022-11-12T15:56:58+00:00\",\"breadcrumb\":{\"@id\":\"https:\\\/\\\/sahc.ch\\\/wer-wir-sind\\\/statuten\\\/#breadcrumb\"},\"inLanguage\":\"en-US\",\"potentialAction\":[{\"@type\":\"ReadAction\",\"target\":[\"https:\\\/\\\/sahc.ch\\\/wer-wir-sind\\\/statuten\\\/\"]}]},{\"@type\":\"BreadcrumbList\",\"@id\":\"https:\\\/\\\/sahc.ch\\\/wer-wir-sind\\\/statuten\\\/#breadcrumb\",\"itemListElement\":[{\"@type\":\"ListItem\",\"position\":1,\"name\":\"Startseite\",\"item\":\"https:\\\/\\\/sahc.ch\\\/en\\\/\"},{\"@type\":\"ListItem\",\"position\":2,\"name\":\"Who we are\",\"item\":\"https:\\\/\\\/sahc.ch\\\/wer-wir-sind\\\/\"},{\"@type\":\"ListItem\",\"position\":3,\"name\":\"Statutes\"}]},{\"@type\":\"WebSite\",\"@id\":\"https:\\\/\\\/sahc.ch\\\/#website\",\"url\":\"https:\\\/\\\/sahc.ch\\\/\",\"name\":\"SAHC\",\"description\":\"Schweizerische Arbeitsgruppe f\u00fcr Hernienchirurgie\",\"potentialAction\":[{\"@type\":\"SearchAction\",\"target\":{\"@type\":\"EntryPoint\",\"urlTemplate\":\"https:\\\/\\\/sahc.ch\\\/?s={search_term_string}\"},\"query-input\":{\"@type\":\"PropertyValueSpecification\",\"valueRequired\":true,\"valueName\":\"search_term_string\"}}],\"inLanguage\":\"en-US\"}]}<\/script>\n<!-- \/ Yoast SEO plugin. -->","yoast_head_json":{"title":"Statutes - SAHC","robots":{"index":"index","follow":"follow","max-snippet":"max-snippet:-1","max-image-preview":"max-image-preview:large","max-video-preview":"max-video-preview:-1"},"canonical":"https:\/\/sahc.ch\/wer-wir-sind\/statuten\/","og_locale":"en_US","og_type":"article","og_title":"Statutes - SAHC","og_description":"&nbsp; SAHC \u2014 Swiss Association for Hernia Surgery Name und Sitz Unter dem Namen \u201eSchweizerische Arbeitsgruppe f\u00fcr Hernien Chirurgie SAHC\/ ASCH\u201c besteht ein Verein im Sinne von Art. 60 ff. [&hellip;]","og_url":"https:\/\/sahc.ch\/wer-wir-sind\/statuten\/","og_site_name":"SAHC","article_modified_time":"2022-11-12T15:56:58+00:00","twitter_card":"summary_large_image","twitter_misc":{"Est. reading time":"5 minutes"},"schema":{"@context":"https:\/\/schema.org","@graph":[{"@type":"WebPage","@id":"https:\/\/sahc.ch\/wer-wir-sind\/statuten\/","url":"https:\/\/sahc.ch\/wer-wir-sind\/statuten\/","name":"Statutes - SAHC","isPartOf":{"@id":"https:\/\/sahc.ch\/#website"},"datePublished":"2018-09-05T13:38:12+00:00","dateModified":"2022-11-12T15:56:58+00:00","breadcrumb":{"@id":"https:\/\/sahc.ch\/wer-wir-sind\/statuten\/#breadcrumb"},"inLanguage":"en-US","potentialAction":[{"@type":"ReadAction","target":["https:\/\/sahc.ch\/wer-wir-sind\/statuten\/"]}]},{"@type":"BreadcrumbList","@id":"https:\/\/sahc.ch\/wer-wir-sind\/statuten\/#breadcrumb","itemListElement":[{"@type":"ListItem","position":1,"name":"Startseite","item":"https:\/\/sahc.ch\/en\/"},{"@type":"ListItem","position":2,"name":"Who we are","item":"https:\/\/sahc.ch\/wer-wir-sind\/"},{"@type":"ListItem","position":3,"name":"Statutes"}]},{"@type":"WebSite","@id":"https:\/\/sahc.ch\/#website","url":"https:\/\/sahc.ch\/","name":"SAHC","description":"Schweizerische Arbeitsgruppe f\u00fcr Hernienchirurgie","potentialAction":[{"@type":"SearchAction","target":{"@type":"EntryPoint","urlTemplate":"https:\/\/sahc.ch\/?s={search_term_string}"},"query-input":{"@type":"PropertyValueSpecification","valueRequired":true,"valueName":"search_term_string"}}],"inLanguage":"en-US"}]}},"publishpress_future_workflow_manual_trigger":{"enabledWorkflows":[]},"_links":{"self":[{"href":"https:\/\/sahc.ch\/en\/wp-json\/wp\/v2\/pages\/743","targetHints":{"allow":["GET"]}}],"collection":[{"href":"https:\/\/sahc.ch\/en\/wp-json\/wp\/v2\/pages"}],"about":[{"href":"https:\/\/sahc.ch\/en\/wp-json\/wp\/v2\/types\/page"}],"author":[{"embeddable":true,"href":"https:\/\/sahc.ch\/en\/wp-json\/wp\/v2\/users\/217"}],"replies":[{"embeddable":true,"href":"https:\/\/sahc.ch\/en\/wp-json\/wp\/v2\/comments?post=743"}],"version-history":[{"count":6,"href":"https:\/\/sahc.ch\/en\/wp-json\/wp\/v2\/pages\/743\/revisions"}],"predecessor-version":[{"id":2944,"href":"https:\/\/sahc.ch\/en\/wp-json\/wp\/v2\/pages\/743\/revisions\/2944"}],"up":[{"embeddable":true,"href":"https:\/\/sahc.ch\/en\/wp-json\/wp\/v2\/pages\/701"}],"wp:attachment":[{"href":"https:\/\/sahc.ch\/en\/wp-json\/wp\/v2\/media?parent=743"}],"curies":[{"name":"wp","href":"https:\/\/api.w.org\/{rel}","templated":true}]}}