{"id":784,"date":"2018-09-05T15:40:01","date_gmt":"2018-09-05T13:40:01","guid":{"rendered":"https:\/\/sahc.ch\/login\/"},"modified":"2019-11-26T19:16:39","modified_gmt":"2019-11-26T18:16:39","slug":"login","status":"publish","type":"page","link":"https:\/\/sahc.ch\/fr\/pour-les-medecins\/login\/","title":{"rendered":"Login"},"content":{"rendered":"<div class=\"row\">\n<div class=\"half-column\">\n<div id=\"wpmem_login\"><a id=\"login\"><\/a><form action=\"https:\/\/sahc.ch\/fr\/pour-les-medecins\/login\/\" method=\"POST\" id=\"wpmem_login_form\" class=\"form\"><input type=\"hidden\" id=\"_wpmem_login_nonce\" name=\"_wpmem_login_nonce\" value=\"11d7164fb4\" \/><input type=\"hidden\" name=\"_wp_http_referer\" value=\"\/fr\/wp-json\/wp\/v2\/pages\/784\" \/><fieldset><legend>Connexion pour les utilisateurs enregistr\u00e9s<\/legend><label for=\"log\">Identifiant ou e-mail<\/label><div class=\"div_text\"><input name=\"log\" type=\"text\" id=\"log\" value=\"\" class=\"username\" required  \/><\/div><label for=\"pwd\">Mot de passe<\/label><div class=\"div_text\"><input name=\"pwd\" type=\"password\" id=\"pwd\" class=\"password\" required  \/><\/div><input name=\"a\" type=\"hidden\" value=\"login\" \/><input name=\"redirect_to\" type=\"hidden\" value=\"https:\/\/sahc.ch\/fr\/pour-les-medecins\/login\/\" \/><div class=\"button_div\"><input name=\"rememberme\" type=\"checkbox\" id=\"rememberme\" value=\"forever\" \/>&nbsp;<label for=\"rememberme\">Se souvenir de moi<\/label>&nbsp;&nbsp;<input type=\"submit\" name=\"Submit\" value=\"Connexion\" class=\"buttons\" \/><\/div><div class=\"link-text\"><span class=\"link-text-forgot\">Mot de passe oubli\u00e9\u00a0?&nbsp;<a href=\"https:\/\/sahc.ch\/fr\/pour-les-medecins\/profil\/?a=pwdreset\">Cliquez ici pour r\u00e9initialiser<\/a><\/span><\/div><div class=\"link-text\"><span class=\"link-text-register\">Nouvel utilisateur\u00a0?&nbsp;<a href=\"https:\/\/sahc.ch\/fr\/pour-les-medecins\/devenir-membre\/\">Cliquez ici pour vous inscrire<\/a><\/span><\/div><\/fieldset><\/form><\/div>\n<\/div>\n<div class=\"half-column\">\n<h2 class=\"p1\">Atouts<\/h2>\n<ul>\n<li>Etre inform\u00e9 en permanence sur les activit\u00e9s des soci\u00e9t\u00e9s nationales et internationales de traitement des hernies.<\/li>\n<li>Calendrier actualis\u00e9 des \u00e9v\u00e9nements pertinents<\/li>\n<li>Lignes directrices actuelles<\/li>\n<li>Nouvelles classifications<\/li>\n<li>Informations sur les nouvelles techniques<\/li>\n<li>Links vers des vid\u00e9os pertinentes<\/li>\n<li>Rabais aux congr\u00e8s de la SAHC<\/li>\n<li>Discussions en online avec des coll\u00e8gues<\/li>\n<li>Analyse de cas complexes dans une zone ferm\u00e9e<\/li>\n<\/ul>\n<\/div>\n<\/div>\n","protected":false},"excerpt":{"rendered":"","protected":false},"author":217,"featured_media":0,"parent":829,"menu_order":2,"comment_status":"closed","ping_status":"closed","template":"","meta":{"_acf_changed":false,"footnotes":""},"class_list":["post-784","page","type-page","status-publish","hentry"],"acf":[],"yoast_head":"<!-- This site is optimized with the Yoast SEO plugin v27.4 - https:\/\/yoast.com\/product\/yoast-seo-wordpress\/ -->\n<title>Login - SAHC<\/title>\n<meta name=\"robots\" content=\"index, follow, max-snippet:-1, max-image-preview:large, max-video-preview:-1\" \/>\n<link rel=\"canonical\" href=\"https:\/\/sahc.ch\/fuer-mitgleder\/login\/\" \/>\n<meta property=\"og:locale\" content=\"fr_FR\" \/>\n<meta property=\"og:type\" content=\"article\" \/>\n<meta property=\"og:title\" content=\"Login - SAHC\" \/>\n<meta property=\"og:url\" content=\"https:\/\/sahc.ch\/fuer-mitgleder\/login\/\" \/>\n<meta property=\"og:site_name\" content=\"SAHC\" \/>\n<meta property=\"article:modified_time\" content=\"2019-11-26T18:16:39+00:00\" \/>\n<meta name=\"twitter:card\" content=\"summary_large_image\" \/>\n<script type=\"application\/ld+json\" class=\"yoast-schema-graph\">{\"@context\":\"https:\\\/\\\/schema.org\",\"@graph\":[{\"@type\":\"WebPage\",\"@id\":\"https:\\\/\\\/sahc.ch\\\/fuer-mitgleder\\\/login\\\/\",\"url\":\"https:\\\/\\\/sahc.ch\\\/fuer-mitgleder\\\/login\\\/\",\"name\":\"Login - SAHC\",\"isPartOf\":{\"@id\":\"https:\\\/\\\/sahc.ch\\\/#website\"},\"datePublished\":\"2018-09-05T13:40:01+00:00\",\"dateModified\":\"2019-11-26T18:16:39+00:00\",\"breadcrumb\":{\"@id\":\"https:\\\/\\\/sahc.ch\\\/fuer-mitgleder\\\/login\\\/#breadcrumb\"},\"inLanguage\":\"fr-FR\",\"potentialAction\":[{\"@type\":\"ReadAction\",\"target\":[\"https:\\\/\\\/sahc.ch\\\/fuer-mitgleder\\\/login\\\/\"]}]},{\"@type\":\"BreadcrumbList\",\"@id\":\"https:\\\/\\\/sahc.ch\\\/fuer-mitgleder\\\/login\\\/#breadcrumb\",\"itemListElement\":[{\"@type\":\"ListItem\",\"position\":1,\"name\":\"Startseite\",\"item\":\"https:\\\/\\\/sahc.ch\\\/fr\\\/\"},{\"@type\":\"ListItem\",\"position\":2,\"name\":\"Pour les m\u00e9decins\",\"item\":\"https:\\\/\\\/sahc.ch\\\/fuer-mitgleder\\\/\"},{\"@type\":\"ListItem\",\"position\":3,\"name\":\"Login\"}]},{\"@type\":\"WebSite\",\"@id\":\"https:\\\/\\\/sahc.ch\\\/#website\",\"url\":\"https:\\\/\\\/sahc.ch\\\/\",\"name\":\"SAHC\",\"description\":\"Schweizerische Arbeitsgruppe f\u00fcr Hernienchirurgie\",\"potentialAction\":[{\"@type\":\"SearchAction\",\"target\":{\"@type\":\"EntryPoint\",\"urlTemplate\":\"https:\\\/\\\/sahc.ch\\\/?s={search_term_string}\"},\"query-input\":{\"@type\":\"PropertyValueSpecification\",\"valueRequired\":true,\"valueName\":\"search_term_string\"}}],\"inLanguage\":\"fr-FR\"}]}<\/script>\n<!-- \/ Yoast SEO plugin. -->","yoast_head_json":{"title":"Login - SAHC","robots":{"index":"index","follow":"follow","max-snippet":"max-snippet:-1","max-image-preview":"max-image-preview:large","max-video-preview":"max-video-preview:-1"},"canonical":"https:\/\/sahc.ch\/fuer-mitgleder\/login\/","og_locale":"fr_FR","og_type":"article","og_title":"Login - SAHC","og_url":"https:\/\/sahc.ch\/fuer-mitgleder\/login\/","og_site_name":"SAHC","article_modified_time":"2019-11-26T18:16:39+00:00","twitter_card":"summary_large_image","schema":{"@context":"https:\/\/schema.org","@graph":[{"@type":"WebPage","@id":"https:\/\/sahc.ch\/fuer-mitgleder\/login\/","url":"https:\/\/sahc.ch\/fuer-mitgleder\/login\/","name":"Login - SAHC","isPartOf":{"@id":"https:\/\/sahc.ch\/#website"},"datePublished":"2018-09-05T13:40:01+00:00","dateModified":"2019-11-26T18:16:39+00:00","breadcrumb":{"@id":"https:\/\/sahc.ch\/fuer-mitgleder\/login\/#breadcrumb"},"inLanguage":"fr-FR","potentialAction":[{"@type":"ReadAction","target":["https:\/\/sahc.ch\/fuer-mitgleder\/login\/"]}]},{"@type":"BreadcrumbList","@id":"https:\/\/sahc.ch\/fuer-mitgleder\/login\/#breadcrumb","itemListElement":[{"@type":"ListItem","position":1,"name":"Startseite","item":"https:\/\/sahc.ch\/fr\/"},{"@type":"ListItem","position":2,"name":"Pour les m\u00e9decins","item":"https:\/\/sahc.ch\/fuer-mitgleder\/"},{"@type":"ListItem","position":3,"name":"Login"}]},{"@type":"WebSite","@id":"https:\/\/sahc.ch\/#website","url":"https:\/\/sahc.ch\/","name":"SAHC","description":"Schweizerische Arbeitsgruppe f\u00fcr Hernienchirurgie","potentialAction":[{"@type":"SearchAction","target":{"@type":"EntryPoint","urlTemplate":"https:\/\/sahc.ch\/?s={search_term_string}"},"query-input":{"@type":"PropertyValueSpecification","valueRequired":true,"valueName":"search_term_string"}}],"inLanguage":"fr-FR"}]}},"publishpress_future_workflow_manual_trigger":{"enabledWorkflows":[]},"_links":{"self":[{"href":"https:\/\/sahc.ch\/fr\/wp-json\/wp\/v2\/pages\/784","targetHints":{"allow":["GET"]}}],"collection":[{"href":"https:\/\/sahc.ch\/fr\/wp-json\/wp\/v2\/pages"}],"about":[{"href":"https:\/\/sahc.ch\/fr\/wp-json\/wp\/v2\/types\/page"}],"author":[{"embeddable":true,"href":"https:\/\/sahc.ch\/fr\/wp-json\/wp\/v2\/users\/217"}],"replies":[{"embeddable":true,"href":"https:\/\/sahc.ch\/fr\/wp-json\/wp\/v2\/comments?post=784"}],"version-history":[{"count":2,"href":"https:\/\/sahc.ch\/fr\/wp-json\/wp\/v2\/pages\/784\/revisions"}],"predecessor-version":[{"id":2452,"href":"https:\/\/sahc.ch\/fr\/wp-json\/wp\/v2\/pages\/784\/revisions\/2452"}],"up":[{"embeddable":true,"href":"https:\/\/sahc.ch\/fr\/wp-json\/wp\/v2\/pages\/829"}],"wp:attachment":[{"href":"https:\/\/sahc.ch\/fr\/wp-json\/wp\/v2\/media?parent=784"}],"curies":[{"name":"wp","href":"https:\/\/api.w.org\/{rel}","templated":true}]}}