{"id":798,"date":"2018-09-20T14:29:55","date_gmt":"2018-09-20T12:29:55","guid":{"rendered":"https:\/\/sahc.ch\/?page_id=798"},"modified":"2018-12-16T00:02:15","modified_gmt":"2018-12-15T23:02:15","slug":"buts","status":"publish","type":"page","link":"https:\/\/sahc.ch\/fr\/qui-nous-sommes\/buts\/","title":{"rendered":"Buts"},"content":{"rendered":"<div class=\"row\">\n<div class=\"thumb-column\">   <\/div>\n<div class=\"half-column\">\n<p>La ASCH est une initiative priv\u00e9e fond\u00e9e par un groupe de m\u00e9decins ayant un int\u00e9r\u00eat pour la chirurgie de la hernie. L&#8217;ASCH s&#8217;est construite comme un forum pour partager coll\u00e9gialement les diff\u00e9rentes questions scientifiques, pratiques et cliniques pos\u00e9es par la chirurgie herniaire. Un point central de l&#8217;ASCH est l&#8217;\u00e9change de donn\u00e9es scientifiques, le partage de nouvelles techniques de prise en charge dans un environnement de politique de la sant\u00e9 qui est en changement permanent. Des rencontres r\u00e9guli\u00e8res sont organis\u00e9es pour discuter de mani\u00e8re critique les derniers d\u00e9veloppements et intensifier les \u00e9changes avec d&#8217;autres soci\u00e9t\u00e9s savantes nationales et internationales. Ainsi, la volont\u00e9 de l&#8217;ASCH est de maintenir et de continuer \u00e0 d\u00e9velopper une prise en charge de qualit\u00e9 de la chirurgie de la hernie en Suisse.<\/p>\n<\/div>\n<div class=\"thumb-column\">  <\/div>\n<\/div>\n","protected":false},"excerpt":{"rendered":"","protected":false},"author":3,"featured_media":0,"parent":791,"menu_order":1,"comment_status":"closed","ping_status":"closed","template":"","meta":{"_acf_changed":false,"footnotes":""},"class_list":["post-798","page","type-page","status-publish","hentry"],"acf":[],"yoast_head":"<!-- This site is optimized with the Yoast SEO plugin v27.3 - https:\/\/yoast.com\/product\/yoast-seo-wordpress\/ -->\n<title>Buts - SAHC<\/title>\n<meta name=\"robots\" content=\"index, follow, max-snippet:-1, max-image-preview:large, max-video-preview:-1\" \/>\n<link rel=\"canonical\" href=\"https:\/\/sahc.ch\/fr\/qui-nous-sommes\/buts\/\" \/>\n<meta property=\"og:locale\" content=\"fr_FR\" \/>\n<meta property=\"og:type\" content=\"article\" \/>\n<meta property=\"og:title\" content=\"Buts - SAHC\" \/>\n<meta property=\"og:url\" content=\"https:\/\/sahc.ch\/fr\/qui-nous-sommes\/buts\/\" \/>\n<meta property=\"og:site_name\" content=\"SAHC\" \/>\n<meta property=\"article:modified_time\" content=\"2018-12-15T23:02:15+00:00\" \/>\n<meta name=\"twitter:card\" content=\"summary_large_image\" \/>\n<meta name=\"twitter:label1\" content=\"Est. reading time\" \/>\n\t<meta name=\"twitter:data1\" content=\"1 minute\" \/>\n<script type=\"application\/ld+json\" class=\"yoast-schema-graph\">{\"@context\":\"https:\\\/\\\/schema.org\",\"@graph\":[{\"@type\":\"WebPage\",\"@id\":\"https:\\\/\\\/sahc.ch\\\/fr\\\/qui-nous-sommes\\\/buts\\\/\",\"url\":\"https:\\\/\\\/sahc.ch\\\/fr\\\/qui-nous-sommes\\\/buts\\\/\",\"name\":\"Buts - SAHC\",\"isPartOf\":{\"@id\":\"https:\\\/\\\/sahc.ch\\\/#website\"},\"datePublished\":\"2018-09-20T12:29:55+00:00\",\"dateModified\":\"2018-12-15T23:02:15+00:00\",\"breadcrumb\":{\"@id\":\"https:\\\/\\\/sahc.ch\\\/fr\\\/qui-nous-sommes\\\/buts\\\/#breadcrumb\"},\"inLanguage\":\"fr-FR\",\"potentialAction\":[{\"@type\":\"ReadAction\",\"target\":[\"https:\\\/\\\/sahc.ch\\\/fr\\\/qui-nous-sommes\\\/buts\\\/\"]}]},{\"@type\":\"BreadcrumbList\",\"@id\":\"https:\\\/\\\/sahc.ch\\\/fr\\\/qui-nous-sommes\\\/buts\\\/#breadcrumb\",\"itemListElement\":[{\"@type\":\"ListItem\",\"position\":1,\"name\":\"Startseite\",\"item\":\"https:\\\/\\\/sahc.ch\\\/fr\\\/\"},{\"@type\":\"ListItem\",\"position\":2,\"name\":\"Qui sommes-nous?\",\"item\":\"https:\\\/\\\/sahc.ch\\\/fr\\\/qui-nous-sommes\\\/\"},{\"@type\":\"ListItem\",\"position\":3,\"name\":\"Buts\"}]},{\"@type\":\"WebSite\",\"@id\":\"https:\\\/\\\/sahc.ch\\\/#website\",\"url\":\"https:\\\/\\\/sahc.ch\\\/\",\"name\":\"SAHC\",\"description\":\"Schweizerische Arbeitsgruppe f\u00fcr Hernienchirurgie\",\"potentialAction\":[{\"@type\":\"SearchAction\",\"target\":{\"@type\":\"EntryPoint\",\"urlTemplate\":\"https:\\\/\\\/sahc.ch\\\/?s={search_term_string}\"},\"query-input\":{\"@type\":\"PropertyValueSpecification\",\"valueRequired\":true,\"valueName\":\"search_term_string\"}}],\"inLanguage\":\"fr-FR\"}]}<\/script>\n<!-- \/ Yoast SEO plugin. -->","yoast_head_json":{"title":"Buts - SAHC","robots":{"index":"index","follow":"follow","max-snippet":"max-snippet:-1","max-image-preview":"max-image-preview:large","max-video-preview":"max-video-preview:-1"},"canonical":"https:\/\/sahc.ch\/fr\/qui-nous-sommes\/buts\/","og_locale":"fr_FR","og_type":"article","og_title":"Buts - SAHC","og_url":"https:\/\/sahc.ch\/fr\/qui-nous-sommes\/buts\/","og_site_name":"SAHC","article_modified_time":"2018-12-15T23:02:15+00:00","twitter_card":"summary_large_image","twitter_misc":{"Est. reading time":"1 minute"},"schema":{"@context":"https:\/\/schema.org","@graph":[{"@type":"WebPage","@id":"https:\/\/sahc.ch\/fr\/qui-nous-sommes\/buts\/","url":"https:\/\/sahc.ch\/fr\/qui-nous-sommes\/buts\/","name":"Buts - SAHC","isPartOf":{"@id":"https:\/\/sahc.ch\/#website"},"datePublished":"2018-09-20T12:29:55+00:00","dateModified":"2018-12-15T23:02:15+00:00","breadcrumb":{"@id":"https:\/\/sahc.ch\/fr\/qui-nous-sommes\/buts\/#breadcrumb"},"inLanguage":"fr-FR","potentialAction":[{"@type":"ReadAction","target":["https:\/\/sahc.ch\/fr\/qui-nous-sommes\/buts\/"]}]},{"@type":"BreadcrumbList","@id":"https:\/\/sahc.ch\/fr\/qui-nous-sommes\/buts\/#breadcrumb","itemListElement":[{"@type":"ListItem","position":1,"name":"Startseite","item":"https:\/\/sahc.ch\/fr\/"},{"@type":"ListItem","position":2,"name":"Qui sommes-nous?","item":"https:\/\/sahc.ch\/fr\/qui-nous-sommes\/"},{"@type":"ListItem","position":3,"name":"Buts"}]},{"@type":"WebSite","@id":"https:\/\/sahc.ch\/#website","url":"https:\/\/sahc.ch\/","name":"SAHC","description":"Schweizerische Arbeitsgruppe f\u00fcr Hernienchirurgie","potentialAction":[{"@type":"SearchAction","target":{"@type":"EntryPoint","urlTemplate":"https:\/\/sahc.ch\/?s={search_term_string}"},"query-input":{"@type":"PropertyValueSpecification","valueRequired":true,"valueName":"search_term_string"}}],"inLanguage":"fr-FR"}]}},"publishpress_future_workflow_manual_trigger":{"enabledWorkflows":[]},"_links":{"self":[{"href":"https:\/\/sahc.ch\/fr\/wp-json\/wp\/v2\/pages\/798","targetHints":{"allow":["GET"]}}],"collection":[{"href":"https:\/\/sahc.ch\/fr\/wp-json\/wp\/v2\/pages"}],"about":[{"href":"https:\/\/sahc.ch\/fr\/wp-json\/wp\/v2\/types\/page"}],"author":[{"embeddable":true,"href":"https:\/\/sahc.ch\/fr\/wp-json\/wp\/v2\/users\/3"}],"replies":[{"embeddable":true,"href":"https:\/\/sahc.ch\/fr\/wp-json\/wp\/v2\/comments?post=798"}],"version-history":[{"count":6,"href":"https:\/\/sahc.ch\/fr\/wp-json\/wp\/v2\/pages\/798\/revisions"}],"predecessor-version":[{"id":1818,"href":"https:\/\/sahc.ch\/fr\/wp-json\/wp\/v2\/pages\/798\/revisions\/1818"}],"up":[{"embeddable":true,"href":"https:\/\/sahc.ch\/fr\/wp-json\/wp\/v2\/pages\/791"}],"wp:attachment":[{"href":"https:\/\/sahc.ch\/fr\/wp-json\/wp\/v2\/media?parent=798"}],"curies":[{"name":"wp","href":"https:\/\/api.w.org\/{rel}","templated":true}]}}