{"id":842,"date":"2018-09-05T15:40:01","date_gmt":"2018-09-05T13:40:01","guid":{"rendered":"https:\/\/sahc.ch\/pour-les-medecins\/mitglied-werden\/"},"modified":"2025-07-03T16:54:52","modified_gmt":"2025-07-03T14:54:52","slug":"devenir-membre","status":"publish","type":"page","link":"https:\/\/sahc.ch\/fr\/pour-les-medecins\/devenir-membre\/","title":{"rendered":"Devenir membre"},"content":{"rendered":"<div class=\"row\">\n<div class=\"thumb-column\">\n<p>&nbsp;<\/p>\n<\/div>\n<div class=\"half-column\">\n<p>Nous vous remercions de l&#8217;int\u00e9r\u00eat que vous portez \u00e0 la chirurgie de la hernie et aux SAHC. Devenez membre et contribuez \u00e0 fa\u00e7onner l&#8217;avenir de cette sp\u00e9cialit\u00e9 fascinante de la chirurgie.<\/p>\n<p>Remplissez compl\u00e8tement le formulaire de contact. Apr\u00e8s v\u00e9rification par le conseil, un code d&#8217;acc\u00e8s sera envoy\u00e9 \u00e0 l&#8217;adresse \u00e9lectronique fournie. Vous pouvez ensuite modifier cela dans votre profil.<\/p>\n<p>L&#8217;adh\u00e9sion commence par le paiement de la cotisation de CHF 26 par ann\u00e9.<\/p>\n<p style=\"text-align: left;\"><\/div>\n<div class=\"thumb-column\">\n<small><strong>Compte bancaire<\/strong><br \/>\nSAHC<br \/>\nZ\u00fcrcher Kantonalbank<br \/>\nPostfach<br \/>\n8010 Z\u00fcrich<br \/>\nBankclearing-Nr. (BC-Nr.) 700<br \/>\nIBAN CH42 0070 0114 8021 6527 5<br \/>\n<small>N\u00b0 de compte en banque:<\/small><\/small><small> 1148-2165.275<br \/>\nSWIFT-Adr. (BIC) ZKBKCHZZ80A<br \/>\ne-facture N<small>\u00b0<\/small> de participant:<\/small><small> 41010612554891247<br \/>\n<small><a href=\"&#109;&#x61;i&#x6c;&#x74;&#111;&#x3a;i&#110;&#x66;&#111;&#x40;s&#97;&#x68;c&#x2e;c&#104;\">Contact<\/a><\/small><\/small><\/p>\n<p>&nbsp;<\/p>\n<\/div>\n<\/div>\n<div class=\"row\">\n<div class=\"thumb-column\">\n<p>&nbsp;<\/p>\n<\/div>\n<div class=\"half-column\"><div id=\"wpmem_reg\"><a id=\"register\"><\/a><form name=\"form\" method=\"post\" action=\"https:\/\/sahc.ch\/fr\/pour-les-medecins\/devenir-membre\/\" id=\"wpmem_register_form\" class=\"form\"><input type=\"hidden\" id=\"_wpmem_register_nonce\" name=\"_wpmem_register_nonce\" value=\"6e49ffb0d7\" \/><input type=\"hidden\" name=\"_wp_http_referer\" value=\"\/fr\/wp-json\/wp\/v2\/pages\/842\" \/><fieldset><legend>Nouvel utilisateur\u00a0?<\/legend><div id=\"wpmem_map_field\" style=\"display:none;\"><input type=\"text\" name=\"wpmem_map_field\" value=\"\" \/><\/div><label for=\"Form_of_address\" class=\"select\">Form of address<\/label><div class=\"div_select\"><select name=\"Form_of_address\" id=\"Form_of_address\" class=\"dropdown\"><option value=\"Miss\">Madame<\/option><option value=\"Mr\">Monsieur<\/option><\/select><\/div><label for=\"title\" class=\"text\">Titre<\/label><div class=\"div_text\"><input name=\"title\" type=\"text\" id=\"title\" value=\"\" class=\"textbox\" \/><\/div><label for=\"first_name\" class=\"text\">Pr\u00e9nom<span class=\"req\">*<\/span><\/label><div class=\"div_text\"><input name=\"first_name\" type=\"text\" id=\"first_name\" value=\"\" class=\"textbox\" required  \/><\/div><label for=\"last_name\" class=\"text\">Nom<span class=\"req\">*<\/span><\/label><div class=\"div_text\"><input name=\"last_name\" type=\"text\" id=\"last_name\" value=\"\" class=\"textbox\" required  \/><\/div><label for=\"state_examination_place\" class=\"text\">Examen d&#039;\u00c9tat, quand et o\u00f9 ?<span class=\"req\">*<\/span><\/label><div class=\"div_text\"><input name=\"state_examination_place\" type=\"text\" id=\"state_examination_place\" value=\"\" class=\"textbox\" required  \/><\/div><label for=\"certifications\" class=\"text\">Certifications, lesquelles et quand ?<span class=\"req\">*<\/span><\/label><div class=\"div_text\"><input name=\"certifications\" type=\"text\" id=\"certifications\" value=\"\" class=\"textbox\" required  \/><\/div><label for=\"focus_title\" class=\"text\">Doctorat, lequel et quand ?<span class=\"req\">*<\/span><\/label><div class=\"div_text\"><input name=\"focus_title\" type=\"text\" id=\"focus_title\" value=\"\" class=\"textbox\" required  \/><\/div><label for=\"EHS_Doppelmitgliedschaft\" class=\"select\">EHS Double Membership<span class=\"req\">*<\/span><\/label><div class=\"div_select\"><select name=\"EHS_Doppelmitgliedschaft\" id=\"EHS_Doppelmitgliedschaft\" class=\"dropdown\" required ><option value=\"\">---- Please Select ----<\/option><option value=\"yes\">Oui<\/option><option value=\"no\">Non<\/option><\/select><\/div><label for=\"status\" class=\"select\">\u00c9tat<span class=\"req\">*<\/span><\/label><div class=\"div_select\"><select name=\"status\" id=\"status\" class=\"dropdown\" required ><option value=\"self-employed\">ind\u00e9pendant<\/option><option value=\"employed\">salari\u00e9<\/option><\/select><\/div><label for=\"billing_phone\" class=\"text\">t\u00e9l\u00e9phoner<span class=\"req\">*<\/span><\/label><div class=\"div_text\"><input name=\"billing_phone\" type=\"text\" id=\"billing_phone\" value=\"\" class=\"textbox\" required  \/><\/div><label for=\"billing_postcode\" class=\"text\">Code postal<span class=\"req\">*<\/span><\/label><div class=\"div_text\"><input name=\"billing_postcode\" type=\"text\" id=\"billing_postcode\" value=\"\" class=\"textbox\" required  \/><\/div><label for=\"billing_city\" class=\"text\">Ville<span class=\"req\">*<\/span><\/label><div class=\"div_text\"><input name=\"billing_city\" type=\"text\" id=\"billing_city\" value=\"\" class=\"textbox\" required  \/><\/div><label for=\"billing_country\" class=\"text\">Pays<span class=\"req\">*<\/span><\/label><div class=\"div_text\"><input name=\"billing_country\" type=\"text\" id=\"billing_country\" value=\"\" class=\"textbox\" required  \/><\/div><label for=\"user_email\" class=\"text\">Courriel<span class=\"req\">*<\/span><\/label><div class=\"div_text\"><input name=\"user_email\" type=\"email\" id=\"user_email\" value=\"\" class=\"textbox\" required  \/><\/div><label for=\"username\" class=\"text\">Choisissez un Nom d\u2019utilisateur<span class=\"req\">*<\/span><\/label><div class=\"div_text\"><input name=\"username\" type=\"text\" id=\"username\" value=\"\" class=\"textbox\" required  \/><\/div><label for=\"display_member_list\" class=\"select\">Afficher dans la liste des membres <span class=\"req\">*<\/span><\/label><div class=\"div_select\"><select name=\"display_member_list\" id=\"display_member_list\" class=\"dropdown\" required ><option value=\"yes\">Oui<\/option><option value=\"no\">Non<\/option><\/select><\/div><label class=\"text\" for=\"captcha\">Entrez le code\u00a0:<\/label><div class=\"div_text\"><img loading=\"lazy\" decoding=\"async\" src=\"https:\/\/sahc.ch\/wp-content\/plugins\/really-simple-captcha\/tmp\/318037405.png\" alt=\"captcha\" width=\"100\" height=\"30\" \/><input id=\"captcha_prefix\" name=\"captcha_prefix\" type=\"hidden\" value=\"318037405\" \/><input id=\"captcha_code\" name=\"captcha_code\" size=\"6\" type=\"text\" class=\"textbox\" required \/><\/div><input name=\"a\" type=\"hidden\" value=\"register\" \/><input name=\"wpmem_reg_page\" type=\"hidden\" value=\"https:\/\/sahc.ch\/fr\/pour-les-medecins\/devenir-membre\/\" \/><div class=\"button_div\"><input name=\"submit\" type=\"submit\" value=\"S\u2019inscrire\" class=\"buttons\" \/><\/div><div class=\"req-text\"><span class=\"req\">*<\/span>Champ requis<\/div><\/fieldset><\/form><\/div><\/div>\n<div class=\"thumb-column\">\n<p>&nbsp;<\/p>\n<\/div>\n<\/div>\n<p>&nbsp;<\/p>\n","protected":false},"excerpt":{"rendered":"&nbsp;","protected":false},"author":217,"featured_media":0,"parent":829,"menu_order":3,"comment_status":"closed","ping_status":"closed","template":"","meta":{"_acf_changed":false,"footnotes":""},"class_list":["post-842","page","type-page","status-publish","hentry"],"acf":[],"yoast_head":"<!-- This site is optimized with the Yoast SEO plugin v27.4 - https:\/\/yoast.com\/product\/yoast-seo-wordpress\/ -->\n<title>Devenir membre - SAHC<\/title>\n<meta name=\"robots\" content=\"index, follow, max-snippet:-1, max-image-preview:large, max-video-preview:-1\" \/>\n<link rel=\"canonical\" href=\"https:\/\/sahc.ch\/fr\/pour-les-medecins\/devenir-membre\/\" \/>\n<meta property=\"og:locale\" content=\"fr_FR\" \/>\n<meta property=\"og:type\" content=\"article\" \/>\n<meta property=\"og:title\" content=\"Devenir membre - SAHC\" \/>\n<meta property=\"og:description\" content=\"&nbsp;\" \/>\n<meta property=\"og:url\" content=\"https:\/\/sahc.ch\/fr\/pour-les-medecins\/devenir-membre\/\" \/>\n<meta property=\"og:site_name\" content=\"SAHC\" \/>\n<meta property=\"article:modified_time\" content=\"2025-07-03T14:54:52+00:00\" \/>\n<meta name=\"twitter:card\" content=\"summary_large_image\" \/>\n<meta name=\"twitter:label1\" content=\"Est. reading time\" \/>\n\t<meta name=\"twitter:data1\" content=\"1 minute\" \/>\n<script type=\"application\/ld+json\" class=\"yoast-schema-graph\">{\"@context\":\"https:\\\/\\\/schema.org\",\"@graph\":[{\"@type\":\"WebPage\",\"@id\":\"https:\\\/\\\/sahc.ch\\\/fr\\\/pour-les-medecins\\\/devenir-membre\\\/\",\"url\":\"https:\\\/\\\/sahc.ch\\\/fr\\\/pour-les-medecins\\\/devenir-membre\\\/\",\"name\":\"Devenir membre - SAHC\",\"isPartOf\":{\"@id\":\"https:\\\/\\\/sahc.ch\\\/#website\"},\"datePublished\":\"2018-09-05T13:40:01+00:00\",\"dateModified\":\"2025-07-03T14:54:52+00:00\",\"breadcrumb\":{\"@id\":\"https:\\\/\\\/sahc.ch\\\/fr\\\/pour-les-medecins\\\/devenir-membre\\\/#breadcrumb\"},\"inLanguage\":\"fr-FR\",\"potentialAction\":[{\"@type\":\"ReadAction\",\"target\":[\"https:\\\/\\\/sahc.ch\\\/fr\\\/pour-les-medecins\\\/devenir-membre\\\/\"]}]},{\"@type\":\"BreadcrumbList\",\"@id\":\"https:\\\/\\\/sahc.ch\\\/fr\\\/pour-les-medecins\\\/devenir-membre\\\/#breadcrumb\",\"itemListElement\":[{\"@type\":\"ListItem\",\"position\":1,\"name\":\"Startseite\",\"item\":\"https:\\\/\\\/sahc.ch\\\/fr\\\/\"},{\"@type\":\"ListItem\",\"position\":2,\"name\":\"Pour les m\u00e9decins\",\"item\":\"https:\\\/\\\/sahc.ch\\\/fuer-mitgleder\\\/\"},{\"@type\":\"ListItem\",\"position\":3,\"name\":\"Devenir membre\"}]},{\"@type\":\"WebSite\",\"@id\":\"https:\\\/\\\/sahc.ch\\\/#website\",\"url\":\"https:\\\/\\\/sahc.ch\\\/\",\"name\":\"SAHC\",\"description\":\"Schweizerische Arbeitsgruppe f\u00fcr Hernienchirurgie\",\"potentialAction\":[{\"@type\":\"SearchAction\",\"target\":{\"@type\":\"EntryPoint\",\"urlTemplate\":\"https:\\\/\\\/sahc.ch\\\/?s={search_term_string}\"},\"query-input\":{\"@type\":\"PropertyValueSpecification\",\"valueRequired\":true,\"valueName\":\"search_term_string\"}}],\"inLanguage\":\"fr-FR\"}]}<\/script>\n<!-- \/ Yoast SEO plugin. -->","yoast_head_json":{"title":"Devenir membre - SAHC","robots":{"index":"index","follow":"follow","max-snippet":"max-snippet:-1","max-image-preview":"max-image-preview:large","max-video-preview":"max-video-preview:-1"},"canonical":"https:\/\/sahc.ch\/fr\/pour-les-medecins\/devenir-membre\/","og_locale":"fr_FR","og_type":"article","og_title":"Devenir membre - SAHC","og_description":"&nbsp;","og_url":"https:\/\/sahc.ch\/fr\/pour-les-medecins\/devenir-membre\/","og_site_name":"SAHC","article_modified_time":"2025-07-03T14:54:52+00:00","twitter_card":"summary_large_image","twitter_misc":{"Est. reading time":"1 minute"},"schema":{"@context":"https:\/\/schema.org","@graph":[{"@type":"WebPage","@id":"https:\/\/sahc.ch\/fr\/pour-les-medecins\/devenir-membre\/","url":"https:\/\/sahc.ch\/fr\/pour-les-medecins\/devenir-membre\/","name":"Devenir membre - SAHC","isPartOf":{"@id":"https:\/\/sahc.ch\/#website"},"datePublished":"2018-09-05T13:40:01+00:00","dateModified":"2025-07-03T14:54:52+00:00","breadcrumb":{"@id":"https:\/\/sahc.ch\/fr\/pour-les-medecins\/devenir-membre\/#breadcrumb"},"inLanguage":"fr-FR","potentialAction":[{"@type":"ReadAction","target":["https:\/\/sahc.ch\/fr\/pour-les-medecins\/devenir-membre\/"]}]},{"@type":"BreadcrumbList","@id":"https:\/\/sahc.ch\/fr\/pour-les-medecins\/devenir-membre\/#breadcrumb","itemListElement":[{"@type":"ListItem","position":1,"name":"Startseite","item":"https:\/\/sahc.ch\/fr\/"},{"@type":"ListItem","position":2,"name":"Pour les m\u00e9decins","item":"https:\/\/sahc.ch\/fuer-mitgleder\/"},{"@type":"ListItem","position":3,"name":"Devenir membre"}]},{"@type":"WebSite","@id":"https:\/\/sahc.ch\/#website","url":"https:\/\/sahc.ch\/","name":"SAHC","description":"Schweizerische Arbeitsgruppe f\u00fcr Hernienchirurgie","potentialAction":[{"@type":"SearchAction","target":{"@type":"EntryPoint","urlTemplate":"https:\/\/sahc.ch\/?s={search_term_string}"},"query-input":{"@type":"PropertyValueSpecification","valueRequired":true,"valueName":"search_term_string"}}],"inLanguage":"fr-FR"}]}},"publishpress_future_workflow_manual_trigger":{"enabledWorkflows":[]},"_links":{"self":[{"href":"https:\/\/sahc.ch\/fr\/wp-json\/wp\/v2\/pages\/842","targetHints":{"allow":["GET"]}}],"collection":[{"href":"https:\/\/sahc.ch\/fr\/wp-json\/wp\/v2\/pages"}],"about":[{"href":"https:\/\/sahc.ch\/fr\/wp-json\/wp\/v2\/types\/page"}],"author":[{"embeddable":true,"href":"https:\/\/sahc.ch\/fr\/wp-json\/wp\/v2\/users\/217"}],"replies":[{"embeddable":true,"href":"https:\/\/sahc.ch\/fr\/wp-json\/wp\/v2\/comments?post=842"}],"version-history":[{"count":10,"href":"https:\/\/sahc.ch\/fr\/wp-json\/wp\/v2\/pages\/842\/revisions"}],"predecessor-version":[{"id":3666,"href":"https:\/\/sahc.ch\/fr\/wp-json\/wp\/v2\/pages\/842\/revisions\/3666"}],"up":[{"embeddable":true,"href":"https:\/\/sahc.ch\/fr\/wp-json\/wp\/v2\/pages\/829"}],"wp:attachment":[{"href":"https:\/\/sahc.ch\/fr\/wp-json\/wp\/v2\/media?parent=842"}],"curies":[{"name":"wp","href":"https:\/\/api.w.org\/{rel}","templated":true}]}}