{"id":852,"date":"2018-09-20T15:28:42","date_gmt":"2018-09-20T13:28:42","guid":{"rendered":"https:\/\/sahc.ch\/?page_id=852"},"modified":"2019-11-05T15:41:57","modified_gmt":"2019-11-05T14:41:57","slug":"membres","status":"publish","type":"page","link":"https:\/\/sahc.ch\/fr\/pour-les-medecins\/membres\/","title":{"rendered":"Membres"},"content":{"rendered":"Vous devez \u00eatre connect\u00e9 pour voir ce contenu.","protected":false},"excerpt":{"rendered":"Vous devez \u00eatre connect\u00e9 pour voir ce contenu.","protected":false},"author":3,"featured_media":0,"parent":829,"menu_order":12,"comment_status":"closed","ping_status":"closed","template":"","meta":{"_acf_changed":false,"footnotes":""},"class_list":["post-852","page","type-page","status-publish","hentry"],"acf":[],"yoast_head":"<!-- This site is optimized with the Yoast SEO plugin v27.3 - https:\/\/yoast.com\/product\/yoast-seo-wordpress\/ -->\n<title>Membres - SAHC<\/title>\n<meta name=\"robots\" content=\"index, follow, max-snippet:-1, max-image-preview:large, max-video-preview:-1\" \/>\n<link rel=\"canonical\" href=\"https:\/\/sahc.ch\/fuer-mitgleder\/mitglieder\/\" \/>\n<meta property=\"og:locale\" content=\"fr_FR\" \/>\n<meta property=\"og:type\" content=\"article\" \/>\n<meta property=\"og:title\" content=\"Membres - SAHC\" \/>\n<meta property=\"og:description\" content=\"Ce contenu est r\u00e9serv\u00e9 aux membres du site. Si vous \u00eates un utilisateur existant, veuillez vous connecter. Les nouveaux utilisateurs peuvent s&#039;inscrire ci-dessous.Connexion pour les utilisateurs enregistr\u00e9sIdentifiant ou e-mailMot de [&hellip;]\" \/>\n<meta property=\"og:url\" content=\"https:\/\/sahc.ch\/fuer-mitgleder\/mitglieder\/\" \/>\n<meta property=\"og:site_name\" content=\"SAHC\" \/>\n<meta property=\"article:modified_time\" content=\"2019-11-05T14:41:57+00:00\" \/>\n<meta name=\"twitter:card\" content=\"summary_large_image\" \/>\n<script type=\"application\/ld+json\" class=\"yoast-schema-graph\">{\"@context\":\"https:\\\/\\\/schema.org\",\"@graph\":[{\"@type\":\"WebPage\",\"@id\":\"https:\\\/\\\/sahc.ch\\\/fuer-mitgleder\\\/mitglieder\\\/\",\"url\":\"https:\\\/\\\/sahc.ch\\\/fuer-mitgleder\\\/mitglieder\\\/\",\"name\":\"Membres - SAHC\",\"isPartOf\":{\"@id\":\"https:\\\/\\\/sahc.ch\\\/#website\"},\"datePublished\":\"2018-09-20T13:28:42+00:00\",\"dateModified\":\"2019-11-05T14:41:57+00:00\",\"breadcrumb\":{\"@id\":\"https:\\\/\\\/sahc.ch\\\/fuer-mitgleder\\\/mitglieder\\\/#breadcrumb\"},\"inLanguage\":\"fr-FR\",\"potentialAction\":[{\"@type\":\"ReadAction\",\"target\":[\"https:\\\/\\\/sahc.ch\\\/fuer-mitgleder\\\/mitglieder\\\/\"]}]},{\"@type\":\"BreadcrumbList\",\"@id\":\"https:\\\/\\\/sahc.ch\\\/fuer-mitgleder\\\/mitglieder\\\/#breadcrumb\",\"itemListElement\":[{\"@type\":\"ListItem\",\"position\":1,\"name\":\"Startseite\",\"item\":\"https:\\\/\\\/sahc.ch\\\/fr\\\/\"},{\"@type\":\"ListItem\",\"position\":2,\"name\":\"Pour les m\u00e9decins\",\"item\":\"https:\\\/\\\/sahc.ch\\\/fuer-mitgleder\\\/\"},{\"@type\":\"ListItem\",\"position\":3,\"name\":\"Membres\"}]},{\"@type\":\"WebSite\",\"@id\":\"https:\\\/\\\/sahc.ch\\\/#website\",\"url\":\"https:\\\/\\\/sahc.ch\\\/\",\"name\":\"SAHC\",\"description\":\"Schweizerische Arbeitsgruppe f\u00fcr Hernienchirurgie\",\"potentialAction\":[{\"@type\":\"SearchAction\",\"target\":{\"@type\":\"EntryPoint\",\"urlTemplate\":\"https:\\\/\\\/sahc.ch\\\/?s={search_term_string}\"},\"query-input\":{\"@type\":\"PropertyValueSpecification\",\"valueRequired\":true,\"valueName\":\"search_term_string\"}}],\"inLanguage\":\"fr-FR\"}]}<\/script>\n<!-- \/ Yoast SEO plugin. -->","yoast_head_json":{"title":"Membres - SAHC","robots":{"index":"index","follow":"follow","max-snippet":"max-snippet:-1","max-image-preview":"max-image-preview:large","max-video-preview":"max-video-preview:-1"},"canonical":"https:\/\/sahc.ch\/fuer-mitgleder\/mitglieder\/","og_locale":"fr_FR","og_type":"article","og_title":"Membres - SAHC","og_description":"Ce contenu est r\u00e9serv\u00e9 aux membres du site. Si vous \u00eates un utilisateur existant, veuillez vous connecter. Les nouveaux utilisateurs peuvent s'inscrire ci-dessous.Connexion pour les utilisateurs enregistr\u00e9sIdentifiant ou e-mailMot de [&hellip;]","og_url":"https:\/\/sahc.ch\/fuer-mitgleder\/mitglieder\/","og_site_name":"SAHC","article_modified_time":"2019-11-05T14:41:57+00:00","twitter_card":"summary_large_image","schema":{"@context":"https:\/\/schema.org","@graph":[{"@type":"WebPage","@id":"https:\/\/sahc.ch\/fuer-mitgleder\/mitglieder\/","url":"https:\/\/sahc.ch\/fuer-mitgleder\/mitglieder\/","name":"Membres - SAHC","isPartOf":{"@id":"https:\/\/sahc.ch\/#website"},"datePublished":"2018-09-20T13:28:42+00:00","dateModified":"2019-11-05T14:41:57+00:00","breadcrumb":{"@id":"https:\/\/sahc.ch\/fuer-mitgleder\/mitglieder\/#breadcrumb"},"inLanguage":"fr-FR","potentialAction":[{"@type":"ReadAction","target":["https:\/\/sahc.ch\/fuer-mitgleder\/mitglieder\/"]}]},{"@type":"BreadcrumbList","@id":"https:\/\/sahc.ch\/fuer-mitgleder\/mitglieder\/#breadcrumb","itemListElement":[{"@type":"ListItem","position":1,"name":"Startseite","item":"https:\/\/sahc.ch\/fr\/"},{"@type":"ListItem","position":2,"name":"Pour les m\u00e9decins","item":"https:\/\/sahc.ch\/fuer-mitgleder\/"},{"@type":"ListItem","position":3,"name":"Membres"}]},{"@type":"WebSite","@id":"https:\/\/sahc.ch\/#website","url":"https:\/\/sahc.ch\/","name":"SAHC","description":"Schweizerische Arbeitsgruppe f\u00fcr Hernienchirurgie","potentialAction":[{"@type":"SearchAction","target":{"@type":"EntryPoint","urlTemplate":"https:\/\/sahc.ch\/?s={search_term_string}"},"query-input":{"@type":"PropertyValueSpecification","valueRequired":true,"valueName":"search_term_string"}}],"inLanguage":"fr-FR"}]}},"publishpress_future_workflow_manual_trigger":{"enabledWorkflows":[]},"_links":{"self":[{"href":"https:\/\/sahc.ch\/fr\/wp-json\/wp\/v2\/pages\/852","targetHints":{"allow":["GET"]}}],"collection":[{"href":"https:\/\/sahc.ch\/fr\/wp-json\/wp\/v2\/pages"}],"about":[{"href":"https:\/\/sahc.ch\/fr\/wp-json\/wp\/v2\/types\/page"}],"author":[{"embeddable":true,"href":"https:\/\/sahc.ch\/fr\/wp-json\/wp\/v2\/users\/3"}],"replies":[{"embeddable":true,"href":"https:\/\/sahc.ch\/fr\/wp-json\/wp\/v2\/comments?post=852"}],"version-history":[{"count":2,"href":"https:\/\/sahc.ch\/fr\/wp-json\/wp\/v2\/pages\/852\/revisions"}],"predecessor-version":[{"id":1560,"href":"https:\/\/sahc.ch\/fr\/wp-json\/wp\/v2\/pages\/852\/revisions\/1560"}],"up":[{"embeddable":true,"href":"https:\/\/sahc.ch\/fr\/wp-json\/wp\/v2\/pages\/829"}],"wp:attachment":[{"href":"https:\/\/sahc.ch\/fr\/wp-json\/wp\/v2\/media?parent=852"}],"curies":[{"name":"wp","href":"https:\/\/api.w.org\/{rel}","templated":true}]}}