{"id":857,"date":"2018-09-05T15:38:12","date_gmt":"2018-09-05T13:38:12","guid":{"rendered":"https:\/\/sahc.ch\/qui-nous-sommes\/grusswort-des-praesidenten\/"},"modified":"2024-11-07T13:21:01","modified_gmt":"2024-11-07T12:21:01","slug":"grusswort-des-praesidenten","status":"publish","type":"page","link":"https:\/\/sahc.ch\/fr\/","title":{"rendered":"Message du pr\u00e9sident"},"content":{"rendered":"<div class=\"thumb-column\">&nbsp;<\/div>\n<div class=\"half-column\">\n<p>&nbsp;<\/p>\n<p>Ch\u00e8res personnes int\u00e9ress\u00e9es par les hernies !<\/p>\n<p>Depuis la cr\u00e9ation de la SAHC en 2018, la chirurgie des hernies a gagn\u00e9 en importance dans le monde entier. Apr\u00e8s \u00eatre rest\u00e9e pendant de nombreuses d\u00e9cennies dans la niche d&#8217;une discipline peu consid\u00e9r\u00e9e, elle est maintenant sortie de l&#8217;ombre et s&#8217;est \u00e9mancip\u00e9e. La simple chirurgie des hernies est devenue \u00ab Abdominal Wall Reconstruction \u00bb, le terme d\u00e9cisif qui a marqu\u00e9 l&#8217;essor de cette discipline passionnante.<\/p>\n<p>Outre les \u00e9volutions technologiques fulgurantes, comme les nouvelles techniques mini-invasives ou l&#8217;arriv\u00e9e de la robotique, la formation et la formation continue ont \u00e9galement \u00e9volu\u00e9. Des ateliers anatomiques, des congr\u00e8s interactifs et, surtout, le titre officiel de sp\u00e9cialiste de l&#8217;UEMS (F.E.B.S. Abdominal Wall Surgery) ont contribu\u00e9 \u00e0 donner un nouveau statut \u00e0 la chirurgie des hernies dans le monde entier.<\/p>\n<p>La SAHC est un groupe d&#8217;int\u00e9r\u00eat officiel de la SSC et s&#8217;est fix\u00e9 pour objectif politique de d\u00e9velopper la chirurgie des hernies en Suisse sous toutes ses facettes techniques, mais aussi en mati\u00e8re de politique de sant\u00e9. En m\u00eame temps, le lien entre la SAHC et les soci\u00e9t\u00e9s fa\u00eeti\u00e8res SGC (niveau national) et EHS (niveau international) doit \u00eatre optimis\u00e9. Avec les \u00ab Swiss Hernia Days \u00bb, la SAHC dispose d&#8217;un congr\u00e8s annuel d&#8217;envergure qui jouit d&#8217;une reconnaissance et d&#8217;une affluence croissantes, tant au niveau national qu&#8217;international.<\/p>\n<p>En tant que pr\u00e9sident \u00e9lu pour la p\u00e9riode 2024 &#8211; 2026, je me r\u00e9jouis \u00e9norm\u00e9ment de repr\u00e9senter les int\u00e9r\u00eats et les demandes de nos membres vers l&#8217;ext\u00e9rieur et de les faire avancer.<\/p>\n<p>Cordialement, votre<\/p>\n<h6><img loading=\"lazy\" decoding=\"async\" class=\"alignnone wp-image-3200\" src=\"https:\/\/sahc.ch\/wp-content\/uploads\/2024\/10\/signatur_hh.png\" alt=\"\" width=\"120\" height=\"110\" \/>PD Dr. Henry Hoffmann,<br \/>\nPr\u00e9sident de l&#8217;Association suisse des hernies (SAHC)<\/h6>\n<\/div>\n<div class=\"thumb-column\"><img loading=\"lazy\" decoding=\"async\" class=\"alignnone size-full wp-image-3221\" src=\"https:\/\/sahc.ch\/wp-content\/uploads\/2024\/10\/hoffmann_sahc-1.jpg\" alt=\"\" width=\"600\" height=\"650\" \/><\/div>\n","protected":false},"excerpt":{"rendered":"","protected":false},"author":217,"featured_media":0,"parent":791,"menu_order":3,"comment_status":"closed","ping_status":"closed","template":"","meta":{"_acf_changed":false,"footnotes":""},"class_list":["post-857","page","type-page","status-publish","hentry"],"acf":[],"yoast_head":"<!-- This site is optimized with the Yoast SEO plugin v27.4 - https:\/\/yoast.com\/product\/yoast-seo-wordpress\/ -->\n<title>Message du pr\u00e9sident - SAHC<\/title>\n<meta name=\"robots\" content=\"index, follow, max-snippet:-1, max-image-preview:large, max-video-preview:-1\" \/>\n<link rel=\"canonical\" href=\"https:\/\/sahc.ch\/fr\/\" \/>\n<meta property=\"og:locale\" content=\"fr_FR\" \/>\n<meta property=\"og:type\" content=\"article\" \/>\n<meta property=\"og:title\" content=\"Message du pr\u00e9sident - SAHC\" \/>\n<meta property=\"og:url\" content=\"https:\/\/sahc.ch\/fr\/\" \/>\n<meta property=\"og:site_name\" content=\"SAHC\" \/>\n<meta property=\"article:modified_time\" content=\"2024-11-07T12:21:01+00:00\" \/>\n<meta property=\"og:image\" content=\"https:\/\/sahc.ch\/wp-content\/uploads\/2024\/10\/signatur_hh.png\" \/>\n<meta name=\"twitter:card\" content=\"summary_large_image\" \/>\n<meta name=\"twitter:label1\" content=\"Est. reading time\" \/>\n\t<meta name=\"twitter:data1\" content=\"2 minutes\" \/>\n<script type=\"application\/ld+json\" class=\"yoast-schema-graph\">{\"@context\":\"https:\\\/\\\/schema.org\",\"@graph\":[{\"@type\":\"WebPage\",\"@id\":\"https:\\\/\\\/sahc.ch\\\/fr\\\/\",\"url\":\"https:\\\/\\\/sahc.ch\\\/fr\\\/\",\"name\":\"Message du pr\u00e9sident - SAHC\",\"isPartOf\":{\"@id\":\"https:\\\/\\\/sahc.ch\\\/#website\"},\"primaryImageOfPage\":{\"@id\":\"https:\\\/\\\/sahc.ch\\\/fr\\\/#primaryimage\"},\"image\":{\"@id\":\"https:\\\/\\\/sahc.ch\\\/fr\\\/#primaryimage\"},\"thumbnailUrl\":\"https:\\\/\\\/sahc.ch\\\/wp-content\\\/uploads\\\/2024\\\/10\\\/signatur_hh.png\",\"datePublished\":\"2018-09-05T13:38:12+00:00\",\"dateModified\":\"2024-11-07T12:21:01+00:00\",\"breadcrumb\":{\"@id\":\"https:\\\/\\\/sahc.ch\\\/fr\\\/#breadcrumb\"},\"inLanguage\":\"fr-FR\",\"potentialAction\":[{\"@type\":\"ReadAction\",\"target\":[\"https:\\\/\\\/sahc.ch\\\/fr\\\/\"]}]},{\"@type\":\"ImageObject\",\"inLanguage\":\"fr-FR\",\"@id\":\"https:\\\/\\\/sahc.ch\\\/fr\\\/#primaryimage\",\"url\":\"https:\\\/\\\/sahc.ch\\\/wp-content\\\/uploads\\\/2024\\\/10\\\/signatur_hh.png\",\"contentUrl\":\"https:\\\/\\\/sahc.ch\\\/wp-content\\\/uploads\\\/2024\\\/10\\\/signatur_hh.png\"},{\"@type\":\"BreadcrumbList\",\"@id\":\"https:\\\/\\\/sahc.ch\\\/fr\\\/#breadcrumb\",\"itemListElement\":[{\"@type\":\"ListItem\",\"position\":1,\"name\":\"Startseite\",\"item\":\"https:\\\/\\\/sahc.ch\\\/fr\\\/\"},{\"@type\":\"ListItem\",\"position\":2,\"name\":\"Qui sommes-nous?\",\"item\":\"https:\\\/\\\/sahc.ch\\\/fr\\\/qui-nous-sommes\\\/\"},{\"@type\":\"ListItem\",\"position\":3,\"name\":\"Message du pr\u00e9sident\"}]},{\"@type\":\"WebSite\",\"@id\":\"https:\\\/\\\/sahc.ch\\\/#website\",\"url\":\"https:\\\/\\\/sahc.ch\\\/\",\"name\":\"SAHC\",\"description\":\"Schweizerische Arbeitsgruppe f\u00fcr Hernienchirurgie\",\"potentialAction\":[{\"@type\":\"SearchAction\",\"target\":{\"@type\":\"EntryPoint\",\"urlTemplate\":\"https:\\\/\\\/sahc.ch\\\/?s={search_term_string}\"},\"query-input\":{\"@type\":\"PropertyValueSpecification\",\"valueRequired\":true,\"valueName\":\"search_term_string\"}}],\"inLanguage\":\"fr-FR\"}]}<\/script>\n<!-- \/ Yoast SEO plugin. -->","yoast_head_json":{"title":"Message du pr\u00e9sident - SAHC","robots":{"index":"index","follow":"follow","max-snippet":"max-snippet:-1","max-image-preview":"max-image-preview:large","max-video-preview":"max-video-preview:-1"},"canonical":"https:\/\/sahc.ch\/fr\/","og_locale":"fr_FR","og_type":"article","og_title":"Message du pr\u00e9sident - SAHC","og_url":"https:\/\/sahc.ch\/fr\/","og_site_name":"SAHC","article_modified_time":"2024-11-07T12:21:01+00:00","og_image":[{"url":"https:\/\/sahc.ch\/wp-content\/uploads\/2024\/10\/signatur_hh.png","type":"","width":"","height":""}],"twitter_card":"summary_large_image","twitter_misc":{"Est. reading time":"2 minutes"},"schema":{"@context":"https:\/\/schema.org","@graph":[{"@type":"WebPage","@id":"https:\/\/sahc.ch\/fr\/","url":"https:\/\/sahc.ch\/fr\/","name":"Message du pr\u00e9sident - SAHC","isPartOf":{"@id":"https:\/\/sahc.ch\/#website"},"primaryImageOfPage":{"@id":"https:\/\/sahc.ch\/fr\/#primaryimage"},"image":{"@id":"https:\/\/sahc.ch\/fr\/#primaryimage"},"thumbnailUrl":"https:\/\/sahc.ch\/wp-content\/uploads\/2024\/10\/signatur_hh.png","datePublished":"2018-09-05T13:38:12+00:00","dateModified":"2024-11-07T12:21:01+00:00","breadcrumb":{"@id":"https:\/\/sahc.ch\/fr\/#breadcrumb"},"inLanguage":"fr-FR","potentialAction":[{"@type":"ReadAction","target":["https:\/\/sahc.ch\/fr\/"]}]},{"@type":"ImageObject","inLanguage":"fr-FR","@id":"https:\/\/sahc.ch\/fr\/#primaryimage","url":"https:\/\/sahc.ch\/wp-content\/uploads\/2024\/10\/signatur_hh.png","contentUrl":"https:\/\/sahc.ch\/wp-content\/uploads\/2024\/10\/signatur_hh.png"},{"@type":"BreadcrumbList","@id":"https:\/\/sahc.ch\/fr\/#breadcrumb","itemListElement":[{"@type":"ListItem","position":1,"name":"Startseite","item":"https:\/\/sahc.ch\/fr\/"},{"@type":"ListItem","position":2,"name":"Qui sommes-nous?","item":"https:\/\/sahc.ch\/fr\/qui-nous-sommes\/"},{"@type":"ListItem","position":3,"name":"Message du pr\u00e9sident"}]},{"@type":"WebSite","@id":"https:\/\/sahc.ch\/#website","url":"https:\/\/sahc.ch\/","name":"SAHC","description":"Schweizerische Arbeitsgruppe f\u00fcr Hernienchirurgie","potentialAction":[{"@type":"SearchAction","target":{"@type":"EntryPoint","urlTemplate":"https:\/\/sahc.ch\/?s={search_term_string}"},"query-input":{"@type":"PropertyValueSpecification","valueRequired":true,"valueName":"search_term_string"}}],"inLanguage":"fr-FR"}]}},"publishpress_future_workflow_manual_trigger":{"enabledWorkflows":[]},"_links":{"self":[{"href":"https:\/\/sahc.ch\/fr\/wp-json\/wp\/v2\/pages\/857","targetHints":{"allow":["GET"]}}],"collection":[{"href":"https:\/\/sahc.ch\/fr\/wp-json\/wp\/v2\/pages"}],"about":[{"href":"https:\/\/sahc.ch\/fr\/wp-json\/wp\/v2\/types\/page"}],"author":[{"embeddable":true,"href":"https:\/\/sahc.ch\/fr\/wp-json\/wp\/v2\/users\/217"}],"replies":[{"embeddable":true,"href":"https:\/\/sahc.ch\/fr\/wp-json\/wp\/v2\/comments?post=857"}],"version-history":[{"count":9,"href":"https:\/\/sahc.ch\/fr\/wp-json\/wp\/v2\/pages\/857\/revisions"}],"predecessor-version":[{"id":3369,"href":"https:\/\/sahc.ch\/fr\/wp-json\/wp\/v2\/pages\/857\/revisions\/3369"}],"up":[{"embeddable":true,"href":"https:\/\/sahc.ch\/fr\/wp-json\/wp\/v2\/pages\/791"}],"wp:attachment":[{"href":"https:\/\/sahc.ch\/fr\/wp-json\/wp\/v2\/media?parent=857"}],"curies":[{"name":"wp","href":"https:\/\/api.w.org\/{rel}","templated":true}]}}