{"id":861,"date":"2018-12-05T17:27:14","date_gmt":"2018-12-05T16:27:14","guid":{"rendered":"https:\/\/sahc.ch\/?page_id=861"},"modified":"2024-03-05T17:39:36","modified_gmt":"2024-03-05T16:39:36","slug":"contact-impressum","status":"publish","type":"page","link":"https:\/\/sahc.ch\/fr\/contact-impressum\/","title":{"rendered":"Contact\/Impressum"},"content":{"rendered":"<h1>Responsable du contenu :<\/h1>\n<p>SAHC<br \/>\nAssociation Suisse de la Chirurgie de la Hernie<\/p>\n<p><a href=\"mailto: &#x69;&#110;f&#x6f;&#64;s&#x61;&#104;c&#x2e;&#99;h\">Contact<\/a><\/p>\n<p>&nbsp;<\/p>\n<h3>Conception du Website<\/h3>\n<p><a href=\"http:\/\/www.helm69.com\/\" target=\"_blank\" rel=\"noopener noreferrer\">Helm 69<br \/>\n<\/a>Helmut Kraus<br \/>\nPrenzlauer Promenade 149 \u2013152<br \/>\nD-13189 Berlin<br \/>\n<a href=\"mailto: &#x63;o&#x6e;&#116;&#x61;&#99;t&#x40;&#104;&#x65;&#108;m&#x36;&#57;&#x2e;&#99;o&#x6d;\">Contact<\/a><\/p>\n<p>&nbsp;<\/p>\n<p>&nbsp;<\/p>\n<h1>Protection des donn\u00e9es<\/h1>\n<h3>Quels renseignements personnels nous recueillons et pourquoi nous les recueillons<\/h3>\n<h3>Commentaires<\/h3>\n<p>Lorsque les visiteurs affichent des commentaires sur le site, nous recueillons les renseignements affich\u00e9s sur le formulaire de commentaires, ainsi que l&#8217;adresse IP du visiteur et la cha\u00eene de caract\u00e8res de l&#8217;agent utilisateur (qui identifie le navigateur) pour aider \u00e0 d\u00e9tecter le pourriel. Votre adresse e-mail peut \u00eatre utilis\u00e9e pour cr\u00e9er une cha\u00eene de caract\u00e8res anonyme (aussi appel\u00e9e Hash) et \u00eatre transmise au service Gravatar pour v\u00e9rifier si vous l&#8217;utilisez. La politique de confidentialit\u00e9 du service Gravatar se trouve ici : https:\/\/automattic.com\/privacy\/. Apr\u00e8s la publication de votre commentaire, votre photo de profil est visible publiquement dans le contexte de votre commentaire.<\/p>\n<h3>Media<\/h3>\n<p>Si vous \u00eates un utilisateur enregistr\u00e9 et que vous t\u00e9l\u00e9chargez des photos sur ce website, vous devez \u00e9viter de t\u00e9l\u00e9charger des photos avec une position GPS EXIF. Les visiteurs de ce website peuvent t\u00e9l\u00e9charger des photographies stock\u00e9es sur ce Website et en extraire des informations sur leur emplacement.<\/p>\n<h3>Cookies<\/h3>\n<p>Si vous laissez un commentaire sur notre site Web, il peut s&#8217;agir d&#8217;un accord pour enregistrer votre nom, votre adresse e-mail et votre Website dans des cookies. Il s&#8217;agit d&#8217;une fonction pratique qui vous \u00e9vite d&#8217;avoir \u00e0 saisir \u00e0 nouveau toutes ces donn\u00e9es lorsque vous laissez d&#8217;autres commentaires. Ces cookies sont conserv\u00e9s pendant un an. Si vous avez un compte et que vous vous connectez \u00e0 ce site Web, nous \u00e9tablirons un t\u00e9moin temporaire pour d\u00e9terminer si votre navigateur accepte les t\u00e9moins. Ce cookie ne contient aucune donn\u00e9e personnelle et est supprim\u00e9 lorsque vous fermez votre navigateur. Lorsque vous ouvrez une session, nous installerons des t\u00e9moins pour stocker vos renseignements d&#8217;ouverture de session et vos options d&#8217;affichage. Les cookies de connexion expirent apr\u00e8s deux jours et les cookies des options d&#8217;affichage expirent apr\u00e8s un an. Si vous s\u00e9lectionnez &#8220;Rester inscrit&#8221; lors de votre inscription, votre inscription sera maintenue pendant deux semaines. Lorsque vous vous d\u00e9connectez de votre compte, les cookies de connexion sont supprim\u00e9s. Lorsque vous modifiez ou publiez un article, un cookie suppl\u00e9mentaire est enregistr\u00e9 dans votre navigateur. Ce cookie ne contient aucune donn\u00e9e personnelle et se r\u00e9f\u00e8re uniquement \u00e0 l&#8217;identifiant de contribution de l&#8217;article que vous venez de traiter. Le cookie expire au bout d&#8217;un jour.<\/p>\n<p>Vous pouvez refuser l&#8217;utilisation de cookies en s\u00e9lectionnant les param\u00e8tres appropri\u00e9s de votre navigateur, mais veuillez noter que si vous le faites, vous ne pourrez peut-\u00eatre pas utiliser toutes les fonctionnalit\u00e9s de ce site. Nous attirons toutefois votre attention sur le fait que, dans ce cas, il se peut que vous ne puissiez pas utiliser toutes les fonctions de ce site Internet dans toute leur \u00e9tendue. En utilisant ce site Web, vous consentez au traitement des donn\u00e9es vous concernant de la mani\u00e8re et aux fins d\u00e9crites ci-dessus.<\/p>\n<h3>Contenu int\u00e9gr\u00e9 provenant d&#8217;autres websites<\/h3>\n<p>Les contributions sur ce site Web peuvent contenir du contenu int\u00e9gr\u00e9 (p. ex. vid\u00e9os, images, contributions, etc.). Le contenu int\u00e9gr\u00e9 d&#8217;autres sites Web se comporte exactement comme si le visiteur avait visit\u00e9 l&#8217;autre site Web. Ces sites peuvent recueillir des renseignements \u00e0 votre sujet, utiliser des t\u00e9moins, int\u00e9grer des services de suivi suppl\u00e9mentaires de tiers et enregistrer des interactions avec ce contenu int\u00e9gr\u00e9, y compris votre interaction avec le contenu int\u00e9gr\u00e9, si vous avez un compte et \u00eates connect\u00e9 \u00e0 ce site.<\/p>\n<h2>Avec qui partageons-nous vos donn\u00e9es<\/h2>\n<p>En vertu de l&#8217;article 13 de la Constitution f\u00e9d\u00e9rale et des dispositions de la Conf\u00e9d\u00e9ration relatives \u00e0 la protection des donn\u00e9es (loi sur la protection des donn\u00e9es, LPD), toute personne a droit \u00e0 la protection de sa vie priv\u00e9e et \u00e0 la protection contre l&#8217;utilisation abusive de ses donn\u00e9es personnelles. Nous nous conformons \u00e0 cette r\u00e9glementation. Les donn\u00e9es personnelles seront gard\u00e9es strictement confidentielles et ne seront pas vendues ou transmises \u00e0 des tiers.<\/p>\n<h2>Combien de temps vos donn\u00e9es sont-elles conserv\u00e9es<\/h2>\n<p>Lorsque vous \u00e9crivez un commentaire, il est stock\u00e9 ind\u00e9finiment, y compris les m\u00e9tadonn\u00e9es. De cette fa\u00e7on, nous pouvons automatiquement reconna\u00eetre et partager les commentaires de suivi au lieu de les garder dans une file d&#8217;attente de mod\u00e9ration.<\/p>\n<p>Pour les utilisateurs qui s&#8217;inscrivent sur notre site Web, nous conservons \u00e9galement les renseignements personnels qu&#8217;ils fournissent dans leur profil d&#8217;utilisateur. Tous les utilisateurs peuvent consulter, modifier ou supprimer leurs informations personnelles \u00e0 tout moment (le nom d&#8217;utilisateur ne peut \u00eatre modifi\u00e9). Les administrateurs du site Web peuvent \u00e9galement consulter et modifier ces informations.<\/p>\n<h2>Quels sont vos droits sur vos donn\u00e9es<\/h2>\n<p>Si vous avez un compte sur ce site ou des commentaires \u00e9crits, vous pouvez nous demander d&#8217;exporter vos renseignements personnels, y compris tout renseignement que vous nous avez fourni. En outre, la suppression de toutes les donn\u00e9es personnelles que nous avons stock\u00e9es \u00e0 votre sujet peut \u00eatre demand\u00e9e. Ceci n&#8217;inclut pas les donn\u00e9es que nous sommes tenus de conserver pour des raisons administratives, juridiques ou de s\u00e9curit\u00e9.<\/p>\n<h2>O\u00f9 nous envoyons vos donn\u00e9es \u00e0<\/h2>\n<p>Les commentaires des visiteurs pourraient \u00eatre examin\u00e9s par un service automatis\u00e9 de d\u00e9tection du spam.<\/p>\n<h3>Responsabilit\u00e9 pour les liens<\/h3>\n<p>Les r\u00e9f\u00e9rences et les liens vers des sites Web de tiers ne rel\u00e8vent pas de la responsabilit\u00e9 de la SAHC. Nous d\u00e9clinons toute responsabilit\u00e9 pour ces sites Web. L&#8217;acc\u00e8s \u00e0 ces sites Web et leur utilisation se font aux risques et p\u00e9rils de l&#8217;utilisateur.<\/p>\n","protected":false},"excerpt":{"rendered":"Responsable du contenu : SAHC Association Suisse de la Chirurgie de la Hernie Contact &nbsp; Conception du Website Helm 69 Helmut Kraus Prenzlauer Promenade 149 \u2013152 D-13189 Berlin Contact &nbsp; [&hellip;]","protected":false},"author":3,"featured_media":0,"parent":0,"menu_order":0,"comment_status":"closed","ping_status":"closed","template":"","meta":{"_acf_changed":false,"footnotes":""},"class_list":["post-861","page","type-page","status-publish","hentry"],"acf":[],"yoast_head":"<!-- This site is optimized with the Yoast SEO plugin v27.3 - https:\/\/yoast.com\/product\/yoast-seo-wordpress\/ -->\n<title>Contact\/Impressum - SAHC<\/title>\n<meta name=\"robots\" content=\"index, follow, max-snippet:-1, max-image-preview:large, max-video-preview:-1\" \/>\n<link rel=\"canonical\" href=\"https:\/\/sahc.ch\/kontakt-impressum\/\" \/>\n<meta property=\"og:locale\" content=\"fr_FR\" \/>\n<meta property=\"og:type\" content=\"article\" \/>\n<meta property=\"og:title\" content=\"Contact\/Impressum - SAHC\" \/>\n<meta property=\"og:description\" content=\"Responsable du contenu : SAHC Association Suisse de la Chirurgie de la Hernie Contact &nbsp; Conception du Website Helm 69 Helmut Kraus Prenzlauer Promenade 149 \u2013152 D-13189 Berlin Contact &nbsp; [&hellip;]\" \/>\n<meta property=\"og:url\" content=\"https:\/\/sahc.ch\/kontakt-impressum\/\" \/>\n<meta property=\"og:site_name\" content=\"SAHC\" \/>\n<meta property=\"article:modified_time\" content=\"2024-03-05T16:39:36+00:00\" \/>\n<meta name=\"twitter:card\" content=\"summary_large_image\" \/>\n<meta name=\"twitter:label1\" content=\"Est. reading time\" \/>\n\t<meta name=\"twitter:data1\" content=\"5 minutes\" \/>\n<script type=\"application\/ld+json\" class=\"yoast-schema-graph\">{\"@context\":\"https:\\\/\\\/schema.org\",\"@graph\":[{\"@type\":\"WebPage\",\"@id\":\"https:\\\/\\\/sahc.ch\\\/kontakt-impressum\\\/\",\"url\":\"https:\\\/\\\/sahc.ch\\\/kontakt-impressum\\\/\",\"name\":\"Contact\\\/Impressum - SAHC\",\"isPartOf\":{\"@id\":\"https:\\\/\\\/sahc.ch\\\/#website\"},\"datePublished\":\"2018-12-05T16:27:14+00:00\",\"dateModified\":\"2024-03-05T16:39:36+00:00\",\"breadcrumb\":{\"@id\":\"https:\\\/\\\/sahc.ch\\\/kontakt-impressum\\\/#breadcrumb\"},\"inLanguage\":\"fr-FR\",\"potentialAction\":[{\"@type\":\"ReadAction\",\"target\":[\"https:\\\/\\\/sahc.ch\\\/kontakt-impressum\\\/\"]}]},{\"@type\":\"BreadcrumbList\",\"@id\":\"https:\\\/\\\/sahc.ch\\\/kontakt-impressum\\\/#breadcrumb\",\"itemListElement\":[{\"@type\":\"ListItem\",\"position\":1,\"name\":\"Startseite\",\"item\":\"https:\\\/\\\/sahc.ch\\\/fr\\\/\"},{\"@type\":\"ListItem\",\"position\":2,\"name\":\"Contact\\\/Impressum\"}]},{\"@type\":\"WebSite\",\"@id\":\"https:\\\/\\\/sahc.ch\\\/#website\",\"url\":\"https:\\\/\\\/sahc.ch\\\/\",\"name\":\"SAHC\",\"description\":\"Schweizerische Arbeitsgruppe f\u00fcr Hernienchirurgie\",\"potentialAction\":[{\"@type\":\"SearchAction\",\"target\":{\"@type\":\"EntryPoint\",\"urlTemplate\":\"https:\\\/\\\/sahc.ch\\\/?s={search_term_string}\"},\"query-input\":{\"@type\":\"PropertyValueSpecification\",\"valueRequired\":true,\"valueName\":\"search_term_string\"}}],\"inLanguage\":\"fr-FR\"}]}<\/script>\n<!-- \/ Yoast SEO plugin. -->","yoast_head_json":{"title":"Contact\/Impressum - SAHC","robots":{"index":"index","follow":"follow","max-snippet":"max-snippet:-1","max-image-preview":"max-image-preview:large","max-video-preview":"max-video-preview:-1"},"canonical":"https:\/\/sahc.ch\/kontakt-impressum\/","og_locale":"fr_FR","og_type":"article","og_title":"Contact\/Impressum - SAHC","og_description":"Responsable du contenu : SAHC Association Suisse de la Chirurgie de la Hernie Contact &nbsp; Conception du Website Helm 69 Helmut Kraus Prenzlauer Promenade 149 \u2013152 D-13189 Berlin Contact &nbsp; [&hellip;]","og_url":"https:\/\/sahc.ch\/kontakt-impressum\/","og_site_name":"SAHC","article_modified_time":"2024-03-05T16:39:36+00:00","twitter_card":"summary_large_image","twitter_misc":{"Est. reading time":"5 minutes"},"schema":{"@context":"https:\/\/schema.org","@graph":[{"@type":"WebPage","@id":"https:\/\/sahc.ch\/kontakt-impressum\/","url":"https:\/\/sahc.ch\/kontakt-impressum\/","name":"Contact\/Impressum - SAHC","isPartOf":{"@id":"https:\/\/sahc.ch\/#website"},"datePublished":"2018-12-05T16:27:14+00:00","dateModified":"2024-03-05T16:39:36+00:00","breadcrumb":{"@id":"https:\/\/sahc.ch\/kontakt-impressum\/#breadcrumb"},"inLanguage":"fr-FR","potentialAction":[{"@type":"ReadAction","target":["https:\/\/sahc.ch\/kontakt-impressum\/"]}]},{"@type":"BreadcrumbList","@id":"https:\/\/sahc.ch\/kontakt-impressum\/#breadcrumb","itemListElement":[{"@type":"ListItem","position":1,"name":"Startseite","item":"https:\/\/sahc.ch\/fr\/"},{"@type":"ListItem","position":2,"name":"Contact\/Impressum"}]},{"@type":"WebSite","@id":"https:\/\/sahc.ch\/#website","url":"https:\/\/sahc.ch\/","name":"SAHC","description":"Schweizerische Arbeitsgruppe f\u00fcr Hernienchirurgie","potentialAction":[{"@type":"SearchAction","target":{"@type":"EntryPoint","urlTemplate":"https:\/\/sahc.ch\/?s={search_term_string}"},"query-input":{"@type":"PropertyValueSpecification","valueRequired":true,"valueName":"search_term_string"}}],"inLanguage":"fr-FR"}]}},"publishpress_future_workflow_manual_trigger":{"enabledWorkflows":[]},"_links":{"self":[{"href":"https:\/\/sahc.ch\/fr\/wp-json\/wp\/v2\/pages\/861","targetHints":{"allow":["GET"]}}],"collection":[{"href":"https:\/\/sahc.ch\/fr\/wp-json\/wp\/v2\/pages"}],"about":[{"href":"https:\/\/sahc.ch\/fr\/wp-json\/wp\/v2\/types\/page"}],"author":[{"embeddable":true,"href":"https:\/\/sahc.ch\/fr\/wp-json\/wp\/v2\/users\/3"}],"replies":[{"embeddable":true,"href":"https:\/\/sahc.ch\/fr\/wp-json\/wp\/v2\/comments?post=861"}],"version-history":[{"count":10,"href":"https:\/\/sahc.ch\/fr\/wp-json\/wp\/v2\/pages\/861\/revisions"}],"predecessor-version":[{"id":3163,"href":"https:\/\/sahc.ch\/fr\/wp-json\/wp\/v2\/pages\/861\/revisions\/3163"}],"wp:attachment":[{"href":"https:\/\/sahc.ch\/fr\/wp-json\/wp\/v2\/media?parent=861"}],"curies":[{"name":"wp","href":"https:\/\/api.w.org\/{rel}","templated":true}]}}