{"id":862,"date":"2018-12-05T17:27:14","date_gmt":"2018-12-05T16:27:14","guid":{"rendered":"https:\/\/sahc.ch\/?page_id=862"},"modified":"2024-03-05T17:57:05","modified_gmt":"2024-03-05T16:57:05","slug":"contatto-impronta","status":"publish","type":"page","link":"https:\/\/sahc.ch\/it\/contatto-impronta\/","title":{"rendered":"Contatto\/Impronta"},"content":{"rendered":"<h1>Verantwortlich f\u00fcr den Inhalt:<\/h1>\n<p>SAHC<br \/>\nAssociazione svizzera per la chirurgia delle ernie<\/p>\n<p><a href=\"mailto: &#x69;&#110;f&#x6f;&#64;s&#x61;&#x68;&#99;&#x2e;&#x63;&#104;\">Contatto<\/a><\/p>\n<p>&nbsp;<\/p>\n<h3>Design del website<\/h3>\n<p><a href=\"http:\/\/www.helm69.com\/\" target=\"_blank\" rel=\"noopener noreferrer\">Helm 69<br \/>\n<\/a>Helmut Kraus<br \/>\nPrenzlauer Promenade 149 \u2013152<br \/>\nD-13189 Berlin<br \/>\n<a href=\"mailto: c&#111;&#110;&#x74;&#x61;&#x63;&#x74;&#64;&#104;&#101;&#108;&#x6d;&#x36;&#x39;&#46;c&#111;&#109;\">Kontakt<\/a><\/p>\n<p>&nbsp;<\/p>\n<p>&nbsp;<\/p>\n<h1>Protezione dei dati<\/h1>\n<h3>Quali informazioni personali raccogliamo e perch\u00e9 le raccogliamo<\/h3>\n<h3>Commenti<\/h3>\n<p>Quando i visitatori pubblicano commenti sul sito, raccogliamo le informazioni visualizzate sul modulo di commento, cos\u00ec come l&#8217;indirizzo IP del visitatore e la stringa dell&#8217;interprete (che identifica il browser) per aiutare a rilevare lo spam. Il tuo indirizzo e-mail pu\u00f2 essere utilizzato per creare una stringa di caratteri anonimi (noto anche come hash) e passare al servizio Gravatar per verificare se lo stai usando. L&#8217;informativa sulla privacy del servizio Gravatar pu\u00f2 essere trovata qui: https:\/\/automattic.com\/privacy\/. Dopo che il tuo commento \u00e8 stato rilasciato, l&#8217;immagine del tuo profilo \u00e8 pubblicamente visibile nel contesto del tuo commento.<\/p>\n<h3>Media<\/h3>\n<p>Se sei un utente registrato e carichi foto su questo sito, dovresti evitare di caricare foto con una cosiddetta posizione GPS EXIF. I visitatori di questo sito web possono scaricare fotografie memorizzate su questo sito web ed estrarre informazioni sulla loro posizione.<\/p>\n<h3>Cookies<\/h3>\n<p>Se lasciate un commento sul nostro sito web, questo potrebbe essere un accordo per memorizzare il vostro nome, indirizzo e-mail e sito web nei cookie. Questa \u00e8 una funzione di convenienza in modo da non dover reinserire tutti questi dati quando si lasciano ulteriori commenti. Questi biscotti sono conservati per un anno. Se hai un account e accedi a questo sito web, impostiamo un cookie temporaneo per determinare se il tuo browser accetta i cookie. Questo cookie non contiene dati personali e viene eliminato alla chiusura del browser. Quando si effettua il login, impostiamo alcuni cookie per memorizzare le informazioni di login e le opzioni di visualizzazione. I cookie di accesso scadono dopo due giorni e i cookie delle opzioni di visualizzazione scadono dopo un anno. Se si seleziona &#8220;Rimani iscritto&#8221; al momento della registrazione, la registrazione sar\u00e0 mantenuta per due settimane. Quando si esce dal proprio account, i cookie di login vengono cancellati. Quando si modifica o si pubblica un articolo, un ulteriore cookie viene memorizzato nel browser. Questo cookie non contiene dati personali e si riferisce solo al codice identificativo del contributo dell&#8217;articolo appena elaborato. Il biscotto scade dopo un giorno.<\/p>\n<p>\u00c8 possibile rifiutare l&#8217;uso dei cookie selezionando l&#8217;impostazione appropriata sul vostro browser, tuttavia, si prega di notare che se si esegue questa operazione potrebbe non essere in grado di utilizzare tutte le funzionalit\u00e0 di questo sito web. Tuttavia, desideriamo sottolineare che in questo caso potrebbe non essere in grado di utilizzare tutte le funzioni di questo sito web nella loro piena estensione. Utilizzando questo sito web, voi acconsentite al trattamento dei vostri dati personali nelle modalit\u00e0 e per le finalit\u00e0 sopra indicate.<\/p>\n<h2>Contenuti incorporati da altri Websites<\/h2>\n<p>I contributi su questo sito web possono contenere contenuti incorporati (es. video, immagini, contributi, ecc.). I contenuti inseriti in altri siti web si comportano esattamente come se il visitatore avesse visitato l&#8217;altro sito web. Questi siti possono raccogliere informazioni su di te, utilizzare i cookie, incorporare servizi aggiuntivi di monitoraggio da parte di terzi, e registrare le interazioni con tali contenuti incorporati, compresa l&#8217;interazione dell&#8217;utente con i contenuti incorporati, se hai un account e sei connesso a questo sito.<\/p>\n<h2>Con chi condividiamo i tuoi dati<\/h2>\n<p>Ai sensi dell&#8217;articolo 13 della Costituzione federale e delle disposizioni sulla protezione dei dati della Confederazione (Legge federale sulla protezione dei dati, LPD), ogni persona ha diritto alla protezione della sua vita privata e alla protezione contro l&#8217;abuso dei suoi dati personali. Ci atteniamo a queste norme. I dati personali saranno mantenuti strettamente confidenziali e non saranno venduti o ceduti a terzi.<\/p>\n<h2>Per quanto tempo conserviamo i vostri dati<\/h2>\n<p>Quando si scrive un commento, questo viene memorizzato a tempo indeterminato, compresi i metadati. In questo modo, possiamo riconoscere e condividere automaticamente i commenti successivi invece di mantenerli in una coda di moderazione.<\/p>\n<p>Per gli utenti che si registrano sul nostro sito web, memorizziamo anche le informazioni personali che forniscono nel loro profilo utente. Tutti gli utenti possono visualizzare, modificare o cancellare i propri dati personali in qualsiasi momento (il nome utente non pu\u00f2 essere modificato). Gli amministratori del sito web possono anche visualizzare e modificare queste informazioni.<\/p>\n<h2>Quali sono i tuoi diritti sui tuoi dati<\/h2>\n<p>Se avete un account su questo sito o avete commenti scritti, potete richiedere l&#8217;esportazione dei vostri dati personali da noi, comprese le informazioni che ci avete fornito. Inoltre, la cancellazione di tutti i dati personali che abbiamo memorizzato su di voi pu\u00f2 essere ordinato. Ci\u00f2 non include i dati che siamo tenuti a conservare per motivi amministrativi, legali o di sicurezza.<\/p>\n<h2>Dove inviamo i vostri dati a<\/h2>\n<p>I commenti dei visitatori potrebbero essere esaminati da un servizio di rilevazione automatica dello spam.<\/p>\n<h3>Responsabilit\u00e0 per i link<\/h3>\n<p>I riferimenti e i link a siti web di terzi non rientrano nell&#8217;ambito di responsabilit\u00e0 della SAHC. Si declina ogni responsabilit\u00e0 per tali siti web. L&#8217;accesso e l&#8217;uso di tali siti web \u00e8 a rischio e pericolo dell&#8217;utente.<\/p>\n","protected":false},"excerpt":{"rendered":"Verantwortlich f\u00fcr den Inhalt: SAHC Associazione svizzera per la chirurgia delle ernie Contatto &nbsp; Design del website Helm 69 Helmut Kraus Prenzlauer Promenade 149 \u2013152 D-13189 Berlin Kontakt &nbsp; &nbsp; [&hellip;]","protected":false},"author":3,"featured_media":0,"parent":0,"menu_order":0,"comment_status":"closed","ping_status":"closed","template":"","meta":{"_acf_changed":false,"footnotes":""},"class_list":["post-862","page","type-page","status-publish","hentry"],"acf":[],"yoast_head":"<!-- This site is optimized with the Yoast SEO plugin v27.3 - https:\/\/yoast.com\/product\/yoast-seo-wordpress\/ -->\n<title>Contatto\/Impronta - SAHC<\/title>\n<meta name=\"robots\" content=\"index, follow, max-snippet:-1, max-image-preview:large, max-video-preview:-1\" \/>\n<link rel=\"canonical\" href=\"https:\/\/sahc.ch\/kontakt-impressum\/\" \/>\n<meta property=\"og:locale\" content=\"it_IT\" \/>\n<meta property=\"og:type\" content=\"article\" \/>\n<meta property=\"og:title\" content=\"Contatto\/Impronta - SAHC\" \/>\n<meta property=\"og:description\" content=\"Verantwortlich f\u00fcr den Inhalt: SAHC Associazione svizzera per la chirurgia delle ernie Contatto &nbsp; Design del website Helm 69 Helmut Kraus Prenzlauer Promenade 149 \u2013152 D-13189 Berlin Kontakt &nbsp; &nbsp; [&hellip;]\" \/>\n<meta property=\"og:url\" content=\"https:\/\/sahc.ch\/kontakt-impressum\/\" \/>\n<meta property=\"og:site_name\" content=\"SAHC\" \/>\n<meta property=\"article:modified_time\" content=\"2024-03-05T16:57:05+00:00\" \/>\n<meta name=\"twitter:card\" content=\"summary_large_image\" \/>\n<meta name=\"twitter:label1\" content=\"Est. reading time\" \/>\n\t<meta name=\"twitter:data1\" content=\"4 minutes\" \/>\n<script type=\"application\/ld+json\" class=\"yoast-schema-graph\">{\"@context\":\"https:\\\/\\\/schema.org\",\"@graph\":[{\"@type\":\"WebPage\",\"@id\":\"https:\\\/\\\/sahc.ch\\\/kontakt-impressum\\\/\",\"url\":\"https:\\\/\\\/sahc.ch\\\/kontakt-impressum\\\/\",\"name\":\"Contatto\\\/Impronta - SAHC\",\"isPartOf\":{\"@id\":\"https:\\\/\\\/sahc.ch\\\/#website\"},\"datePublished\":\"2018-12-05T16:27:14+00:00\",\"dateModified\":\"2024-03-05T16:57:05+00:00\",\"breadcrumb\":{\"@id\":\"https:\\\/\\\/sahc.ch\\\/kontakt-impressum\\\/#breadcrumb\"},\"inLanguage\":\"it-IT\",\"potentialAction\":[{\"@type\":\"ReadAction\",\"target\":[\"https:\\\/\\\/sahc.ch\\\/kontakt-impressum\\\/\"]}]},{\"@type\":\"BreadcrumbList\",\"@id\":\"https:\\\/\\\/sahc.ch\\\/kontakt-impressum\\\/#breadcrumb\",\"itemListElement\":[{\"@type\":\"ListItem\",\"position\":1,\"name\":\"Startseite\",\"item\":\"https:\\\/\\\/sahc.ch\\\/it\\\/\"},{\"@type\":\"ListItem\",\"position\":2,\"name\":\"Contatto\\\/Impronta\"}]},{\"@type\":\"WebSite\",\"@id\":\"https:\\\/\\\/sahc.ch\\\/#website\",\"url\":\"https:\\\/\\\/sahc.ch\\\/\",\"name\":\"SAHC\",\"description\":\"Schweizerische Arbeitsgruppe f\u00fcr Hernienchirurgie\",\"potentialAction\":[{\"@type\":\"SearchAction\",\"target\":{\"@type\":\"EntryPoint\",\"urlTemplate\":\"https:\\\/\\\/sahc.ch\\\/?s={search_term_string}\"},\"query-input\":{\"@type\":\"PropertyValueSpecification\",\"valueRequired\":true,\"valueName\":\"search_term_string\"}}],\"inLanguage\":\"it-IT\"}]}<\/script>\n<!-- \/ Yoast SEO plugin. -->","yoast_head_json":{"title":"Contatto\/Impronta - SAHC","robots":{"index":"index","follow":"follow","max-snippet":"max-snippet:-1","max-image-preview":"max-image-preview:large","max-video-preview":"max-video-preview:-1"},"canonical":"https:\/\/sahc.ch\/kontakt-impressum\/","og_locale":"it_IT","og_type":"article","og_title":"Contatto\/Impronta - SAHC","og_description":"Verantwortlich f\u00fcr den Inhalt: SAHC Associazione svizzera per la chirurgia delle ernie Contatto &nbsp; Design del website Helm 69 Helmut Kraus Prenzlauer Promenade 149 \u2013152 D-13189 Berlin Kontakt &nbsp; &nbsp; [&hellip;]","og_url":"https:\/\/sahc.ch\/kontakt-impressum\/","og_site_name":"SAHC","article_modified_time":"2024-03-05T16:57:05+00:00","twitter_card":"summary_large_image","twitter_misc":{"Est. reading time":"4 minutes"},"schema":{"@context":"https:\/\/schema.org","@graph":[{"@type":"WebPage","@id":"https:\/\/sahc.ch\/kontakt-impressum\/","url":"https:\/\/sahc.ch\/kontakt-impressum\/","name":"Contatto\/Impronta - SAHC","isPartOf":{"@id":"https:\/\/sahc.ch\/#website"},"datePublished":"2018-12-05T16:27:14+00:00","dateModified":"2024-03-05T16:57:05+00:00","breadcrumb":{"@id":"https:\/\/sahc.ch\/kontakt-impressum\/#breadcrumb"},"inLanguage":"it-IT","potentialAction":[{"@type":"ReadAction","target":["https:\/\/sahc.ch\/kontakt-impressum\/"]}]},{"@type":"BreadcrumbList","@id":"https:\/\/sahc.ch\/kontakt-impressum\/#breadcrumb","itemListElement":[{"@type":"ListItem","position":1,"name":"Startseite","item":"https:\/\/sahc.ch\/it\/"},{"@type":"ListItem","position":2,"name":"Contatto\/Impronta"}]},{"@type":"WebSite","@id":"https:\/\/sahc.ch\/#website","url":"https:\/\/sahc.ch\/","name":"SAHC","description":"Schweizerische Arbeitsgruppe f\u00fcr Hernienchirurgie","potentialAction":[{"@type":"SearchAction","target":{"@type":"EntryPoint","urlTemplate":"https:\/\/sahc.ch\/?s={search_term_string}"},"query-input":{"@type":"PropertyValueSpecification","valueRequired":true,"valueName":"search_term_string"}}],"inLanguage":"it-IT"}]}},"publishpress_future_workflow_manual_trigger":{"enabledWorkflows":[]},"_links":{"self":[{"href":"https:\/\/sahc.ch\/it\/wp-json\/wp\/v2\/pages\/862","targetHints":{"allow":["GET"]}}],"collection":[{"href":"https:\/\/sahc.ch\/it\/wp-json\/wp\/v2\/pages"}],"about":[{"href":"https:\/\/sahc.ch\/it\/wp-json\/wp\/v2\/types\/page"}],"author":[{"embeddable":true,"href":"https:\/\/sahc.ch\/it\/wp-json\/wp\/v2\/users\/3"}],"replies":[{"embeddable":true,"href":"https:\/\/sahc.ch\/it\/wp-json\/wp\/v2\/comments?post=862"}],"version-history":[{"count":10,"href":"https:\/\/sahc.ch\/it\/wp-json\/wp\/v2\/pages\/862\/revisions"}],"predecessor-version":[{"id":3166,"href":"https:\/\/sahc.ch\/it\/wp-json\/wp\/v2\/pages\/862\/revisions\/3166"}],"wp:attachment":[{"href":"https:\/\/sahc.ch\/it\/wp-json\/wp\/v2\/media?parent=862"}],"curies":[{"name":"wp","href":"https:\/\/api.w.org\/{rel}","templated":true}]}}